{"id":6488,"date":"2021-12-14T11:48:59","date_gmt":"2021-12-14T10:48:59","guid":{"rendered":"https:\/\/www.wichtige-nadh.info\/?page_id=6488"},"modified":"2023-05-25T15:17:04","modified_gmt":"2023-05-25T13:17:04","slug":"2-gruppoprodotti-cuore-circolazione","status":"publish","type":"page","link":"https:\/\/www.wichtige-nadh.info\/it\/2-gruppoprodotti-cuore-circolazione\/","title":{"rendered":"2\u00b0 gruppo &#8211; Cuore-Circolazione"},"content":{"rendered":"<section class=\"wpb-content-wrapper\"><p>[vc_row el_id=&#8221;NADHCOQ10&#8243; css=&#8221;.vc_custom_1638788429877{margin-bottom: 50px !important;padding-top: 100px !important;}&#8221;][vc_column width=&#8221;3\/4&#8243;][vc_column_text]<\/p>\n<h4><strong>NADH plus Ubiquinon Coenzym Q10 &#8211; <\/strong><strong>20 mg NADH <b>(combinato funzionalmente)<\/b> per pastiglia<br \/>\n<\/strong><\/h4>\n<p>[\/vc_column_text][vc_separator color=&#8221;black&#8221; border_width=&#8221;2&#8243;][vc_column_text]<span style=\"color: #008000;\"><strong>Target<\/strong><\/span><\/p>\n<p>Gli esseri umani sono in grado di sintetizzare il coenzima Q10 da soli, ma la produzione di coenzima Q10 inizia a diminuire all&#8217;inizio dei 20 anni. All&#8217;et\u00e0 di 40 anni, questa sintesi diminuisce considerevolmente.<\/p>\n<p>Per compensare la perdita, il coenzima Q10 dovrebbe essere assunto come integratore alimentare, proprio come il NADH.<\/p>\n<p>\u00c8 importante sapere che il coenzima pu\u00f2 svilupparsi nel corpo solo se \u00e8 presente una quantit\u00e0 sufficiente di NADH coenzima 1. Da qui, questa ideale e funzionale pastiglia combinata NADH con coenzima Q10.<\/p>\n<p>Essendo un coenzima particolarmente importante, il Co Q10 pu\u00f2 contribuire a migliorare la salute dei vasi sanguigni. \u00c8 stato dimostrato che mantiene elastiche le pareti vascolari e quindi fa pi\u00f9 che bene alla nostra circolazione. Questo riduce l&#8217;insorgere di fattori di rischio classici come l&#8217;obesit\u00e0, il fumo, la pressione alta e il diabete.<\/p>\n<p>Oltre al potente effetto antiossidante, che rende questo prodotto antirughe per eccellenza, il coenzima Q10 influenza il sistema cardiovascolare e contribuisce in generale alla salute delle cellule.<\/p>\n<p><strong>\u00a0<\/strong><\/p>\n<p><span style=\"color: #008000;\"><strong>Raccomandato per:<\/strong><\/span><\/p>\n<ul>\n<li>Stanchezza inquanto aumenta la resistenza.<\/li>\n<li>Alta pressione sanguigna<\/li>\n<li>Disturbi del muscolo cardiaco<\/li>\n<li>Insufficienza cardiaca<\/li>\n<li>Arteriosclerosi<\/li>\n<li>Prevenzione dell&#8217;emicrania<\/li>\n<li>Per prevenire i segni dell&#8217;invecchiamento (anti-aging)<\/li>\n<\/ul>\n<p><span style=\"color: #008000;\"><strong>Potente antiossidante<\/strong><\/span><\/p>\n<p>Il NADH \u00e8 anche un antiossidante molto potente e fornisce una protezione efficace contro i radicali liberi. \u00c8 importante per la produzione di energia del corpo, perch\u00e9 una maggiore produzione di energia da parte del corpo porta all&#8217;energia e alla grinta.<\/p>\n<p><strong>\u00a0<\/strong><\/p>\n<p><span style=\"color: #008000;\"><strong>Metabolismo<\/strong><\/span><\/p>\n<p>Inoltre, il metabolismo \u00e8 attivato e regolato, perch\u00e9 il NADH \u00e8 coinvolto in oltre 1.000 processi metabolici ogni giorno.<\/p>\n<p><strong>\u00a0<\/strong><\/p>\n<p><span style=\"color: #008000;\"><strong>Quando e come deve essere presa questa pastiglia?<\/strong><\/span><\/p>\n<p><strong>Raccomandazione:<\/strong> 1-2 compresse sublinguali al giorno &#8211; data la consistenza pi\u00f9 solida della polvere di ubiquinone CoQ10 &#8211; si prega di succhiare questa compressa sublinguale per 2 minuti e poi masticare lentamente. Non superare la dose giornaliera raccomandata. Tenere fuori dalla portata dei bambini piccoli. Gli integratori alimentari non sostituiscono una dieta varia, che \u00e8 importante insieme a uno stile di vita sano.<\/p>\n<p>Raccomandazione di consumo solo per i consumatori in SVIZZERA: 1 compressa sublinguale al giorno (secondo la legislazione alimentare svizzera).<\/p>\n<p><strong>\u00a0<\/strong><\/p>\n<p><span style=\"color: #008000;\"><strong>Composizione<\/strong><\/span><\/p>\n<table border=\"1\" width=\"50%\">\n<tbody>\n<tr>\n<td><\/td>\n<td>per 1 pastiglia<\/td>\n<td>per 2 pastiglie<\/td>\n<\/tr>\n<tr>\n<td>Coenzima Q10 Ubiquinon<\/td>\n<td>100 mg<\/td>\n<td>200 mg<\/td>\n<\/tr>\n<tr>\n<td>Coenzima 1 \u2013 NADH<\/td>\n<td>20 mg<\/td>\n<td>40 mg<\/td>\n<\/tr>\n<\/tbody>\n<\/table>\n<p>&nbsp;<\/p>\n<p><strong>Ingredienti:<\/strong><br \/>\nDolcificante: isomalto<br \/>\nGlicosidi steviolico (Stevia), Coenzima Q10 in polvere, NADH in polvere.<br \/>\nAntiagglomerante: amido.<br \/>\nRegolatore di acidit\u00e0: bicarbonato di sodio.<br \/>\nAroma di frutta. Senza zucchero.<\/p>\n<p><strong>Non contiene:<\/strong>\u00a0zucchero, caffeina, lievito, prodotti caseari, conservanti.<\/p>\n<p>100% vegetariano, adatto ai diabetici.<\/p>\n<p>&nbsp;<\/p>\n<p><strong>Avviso importante:<\/strong><\/p>\n<p>Se ancora non senti alcun effetto da un prodotto NADH dopo averlo preso per due mesi, non dovresti dubitare della materia prima NADH &#8211; ma riconsiderare la fonte di approvvigionamento. Vi diciamo il perch\u00e9:<\/p>\n<ul>\n<li>Il NADH ha una durata di conservazione di 24 mesi &#8211; il NADH scaduto \u00e8 inefficace.<br \/>\nFate attenzione ai prodotti in cui il numero di lotto e la data di scadenza sono incollati sulla scatola pieghevole.<br \/>\nConfrontare il numero di lotto sul blister con quello sulla confezione &#8211; deve essere lo stesso.<\/li>\n<li>I prodotti NADH (capsule, compresse) che non sono confezionati in blister ma in contenitori sciolti sono inefficaci. Dopo che la confezione \u00e8 stata aperta pi\u00f9 volte, l&#8217;umidit\u00e0 dell&#8217;aria distrugge gradualmente la materia prima NADH. Solo l&#8217;imballaggio in blister offre protezione.<\/li>\n<\/ul>\n<p>[\/vc_column_text][vc_row_inner][vc_column_inner width=&#8221;1\/3&#8243;][vc_column_text]<u>Publikation \u00a9 Copyright:<br \/>\n<\/u>GNP GLOBAL NATURE PRODUCTS<br \/>\nASSOCIATION INC.<br \/>\nOREGON\/USA[\/vc_column_text][\/vc_column_inner][vc_column_inner width=&#8221;2\/3&#8243;][vc_single_image image=&#8221;6650&#8243; img_size=&#8221;medium&#8221;][\/vc_column_inner][\/vc_row_inner][\/vc_column][vc_column width=&#8221;1\/4&#8243;][\/vc_column][\/vc_row][vc_row disable_element=&#8221;yes&#8221; css=&#8221;.vc_custom_1685020622053{margin-bottom: 50px !important;padding-top: 100px !important;}&#8221; el_id=&#8221;CARDIONADH&#8221;][vc_column width=&#8221;3\/4&#8243;][vc_column_text]<\/p>\n<h4><strong>CARDIONADH &#8211; <\/strong><strong>20 mg NADH <b>(combinato funzionalmente)<\/b> per compressa<br \/>\n<\/strong><\/h4>\n<p>[\/vc_column_text][vc_separator color=&#8221;black&#8221; border_width=&#8221;2&#8243;][vc_column_text]<span style=\"color: #008000;\"><strong>Target<\/strong><\/span><\/p>\n<p>Queste compresse di CARDIONADH, uniche e brevettate internazionalmente nella formula (ricetta), combinate in modo funzionale con principi attivi vegetali, sono utili per abbassare il colesterolo nel sangue in modo naturale. Per una integrazione nutrizionale con NADH COENZIMA 1 e rosa canina, radice di valeriana, radice di ortica, biancospino, vitamine B1, B2, B6.<\/p>\n<p><span style=\"color: #008000;\"><strong>Effetto della rosa canina?<\/strong><\/span><\/p>\n<p>Grazie agli effetti della rosa canina \u00e8 possibile ridurre il livello elevato di colesterolo totale nel sangue, in particolare anche del colesterolo LDL, considerato particolarmente dannoso.<\/p>\n<p><span style=\"color: #008000;\"><strong>Effetto della radice di valeriana?<\/strong><\/span><\/p>\n<p>La valeriana \u00e8 utile per i nervi irrequieti ed \u00e8 consigliata anche per disturbi cardiaci di origine nervosa.<\/p>\n<p><span style=\"color: #008000;\"><strong>Effetto della radice di ortica?<\/strong><\/span><\/p>\n<p>L&#8217;ortica \u00e8 una pianta medicinale di provata efficacia. I suoi effetti positivi su ipertensione, diabete e livelli elevati di colesterolo e trigliceridi sono sorprendenti.<\/p>\n<p><span style=\"color: #008000;\"><strong>Effetto del biancospino?<\/strong><\/span><\/p>\n<p>Il biancospino abbassa i livelli di colesterolo LDL ed aiuta a combattere il diabete e l&#8217;obesit\u00e0. L&#8217;effetto antiossidante del biancospino combatte i radicali liberi nell&#8217;organismo e lo stress ossidativo.<\/p>\n<p><span style=\"color: #008000;\"><strong>Effetto della vitamina B1, della vitamina B2 e della vitamina B6?<\/strong><\/span><\/p>\n<p>Dieser Vitaminkomplex ist gut f\u00fcr das Herz, sch\u00fctzt vor oxidativen Sch\u00e4den und senkt den \u201eschlechten\u201c LDL-Cholesterinspiegel.<\/p>\n<p><strong><span style=\"color: #008000;\">Dose consigliata: <\/span><\/strong>assumere 1-2 compresse al giorno con un bicchiere d&#8217;acqua.<\/p>\n<p><span style=\"color: #008000;\"><strong>Nota per diabetici: <\/strong><\/span>1 compressa contiene 0,01 BE<\/p>\n<p><strong>\u00a0<\/strong><\/p>\n<p><span style=\"color: #008000;\"><strong>Quando e come deve essere presa questa pastiglia?<\/strong><\/span><\/p>\n<p><strong>Raccomandazione:<\/strong> assumere 1-2 compresse al giorno con un bicchiere d&#8217;acqua. Non superare la dose giornaliera raccomandata. Tenere fuori dalla portata dei bambini piccoli. Gli integratori alimentari non sostituiscono una dieta varia ed equilibrata che \u00e8 alla base di uno stile di vita sano.<\/p>\n<p>Raccomandazione di consumo solo per i consumatori in SVIZZERA: 1 compressa sublinguale al giorno (secondo la legislazione alimentare svizzera).<\/p>\n<p><strong>\u00a0<\/strong><\/p>\n<p><span style=\"color: #008000;\"><strong>Composizione<\/strong><\/span><\/p>\n<table border=\"1\" width=\"50%\">\n<tbody>\n<tr>\n<td>Inhaltsstoffe<\/td>\n<td>per 1 compressa<\/td>\n<td>per 2 compresse<\/td>\n<\/tr>\n<tr>\n<td>Estratto di rosa caninca<\/td>\n<td>70 mg<\/td>\n<td>140 mg<\/td>\n<\/tr>\n<tr>\n<td>Estratto di radice di valeriana<\/td>\n<td>50 mg<\/td>\n<td>100 mg<\/td>\n<\/tr>\n<tr>\n<td>Estratto di radice di ortica<\/td>\n<td>50 mg<\/td>\n<td>100 mg<\/td>\n<\/tr>\n<tr>\n<td>Estratto di biancospino<\/td>\n<td>50 mg<\/td>\n<td>100 mg<\/td>\n<\/tr>\n<tr>\n<td>Coenzym 1 \u2013 NADH<\/td>\n<td>20 mg<\/td>\n<td>40 mg<\/td>\n<\/tr>\n<tr>\n<td>Vitamina B1 (tiamina)<\/td>\n<td>1,1 mg<\/td>\n<td>2,2 mg<\/td>\n<\/tr>\n<tr>\n<td>Vitamina B2 (riboflavina)<\/td>\n<td>1,4 mg<\/td>\n<td>2,8 mg<\/td>\n<\/tr>\n<tr>\n<td>Vitamina B6 (piridossina)<\/td>\n<td>1,4 mg<\/td>\n<td>2,8 mg<\/td>\n<\/tr>\n<\/tbody>\n<\/table>\n<p>&nbsp;<\/p>\n<p><strong>Ingredienti:<\/strong> Edulcoranti: isomalto, povidone, polvere di rosa canina, estratto di radice di valeriana, estratto di radice di ortica, estratto di biancospino, vitamina B1 (tiamina) vitamina B2 (riboflavina), vitamina B6 (piridossina), NADH in polvere, agente antiagglomerante: amido agente di carica: biossido di silicio, sali di magnesio degli acidi grassi, carbonato acido di sodio, agente di rivestimento: gommalacca (PCMT\u00ae). Non contiene: zucchero, caffeina, lievito, latticini, conservanti.<\/p>\n<p>&nbsp;<\/p>\n<p><strong>Non contiene:<\/strong>\u00a0zucchero, caffeina, lievito, prodotti caseari, conservanti.<\/p>\n<p>100% vegetariano, adatto ai diabetici.<\/p>\n<p>&nbsp;<\/p>\n<p><strong>Avviso importante:<\/strong><\/p>\n<p>Se ancora non senti alcun effetto da un prodotto NADH dopo averlo preso per due mesi, non dovresti dubitare della materia prima NADH &#8211; ma riconsiderare la fonte di approvvigionamento. Vi diciamo il perch\u00e9:<\/p>\n<ul>\n<li>Il NADH ha una durata di conservazione di 24 mesi &#8211; il NADH scaduto \u00e8 inefficace.<br \/>\nFate attenzione ai prodotti in cui il numero di lotto e la data di scadenza sono incollati sulla scatola pieghevole.<br \/>\nConfrontare il numero di lotto sul blister con quello sulla confezione &#8211; deve essere lo stesso.<\/li>\n<li>I prodotti NADH (capsule, compresse) che non sono confezionati in blister ma in contenitori sciolti sono inefficaci. Dopo che la confezione \u00e8 stata aperta pi\u00f9 volte, l&#8217;umidit\u00e0 dell&#8217;aria distrugge gradualmente la materia prima NADH. Solo l&#8217;imballaggio in blister offre protezione.<\/li>\n<\/ul>\n<p>[\/vc_column_text][vc_row_inner][vc_column_inner width=&#8221;1\/3&#8243;][vc_column_text]<u>Publikation \u00a9 Copyright:<br \/>\n<\/u>GNP GLOBAL NATURE PRODUCTS<br \/>\nASSOCIATION INC.<br \/>\nOREGON\/USA[\/vc_column_text][\/vc_column_inner][vc_column_inner width=&#8221;2\/3&#8243;][vc_single_image image=&#8221;6296&#8243; img_size=&#8221;medium&#8221;][\/vc_column_inner][\/vc_row_inner][\/vc_column][vc_column width=&#8221;1\/4&#8243;][\/vc_column][\/vc_row]<\/p>\n<\/section>","protected":false},"excerpt":{"rendered":"<p>[vc_row el_id=&#8221;NADHCOQ10&#8243; css=&#8221;.vc_custom_1638788429877{margin-bottom: 50px !important;padding-top: 100px !important;}&#8221;][vc_column width=&#8221;3\/4&#8243;][vc_column_text] NADH plus Ubiquinon Coenzym Q10 &#8211; 20 mg NADH (combinato funzionalmente) per pastiglia [\/vc_column_text][vc_separator color=&#8221;black&#8221; border_width=&#8221;2&#8243;][vc_column_text]Target Gli esseri umani sono in grado di sintetizzare il coenzima Q10 da soli, ma la produzione di coenzima Q10 inizia a diminuire all&#8217;inizio dei 20 anni. All&#8217;et\u00e0 di 40 anni, questa&hellip;<\/p>\n","protected":false},"author":1,"featured_media":0,"parent":0,"menu_order":0,"comment_status":"closed","ping_status":"closed","template":"","meta":{"footnotes":""},"class_list":["post-6488","page","type-page","status-publish","hentry","description-off"],"_links":{"self":[{"href":"https:\/\/www.wichtige-nadh.info\/it\/wp-json\/wp\/v2\/pages\/6488","targetHints":{"allow":["GET"]}}],"collection":[{"href":"https:\/\/www.wichtige-nadh.info\/it\/wp-json\/wp\/v2\/pages"}],"about":[{"href":"https:\/\/www.wichtige-nadh.info\/it\/wp-json\/wp\/v2\/types\/page"}],"author":[{"embeddable":true,"href":"https:\/\/www.wichtige-nadh.info\/it\/wp-json\/wp\/v2\/users\/1"}],"replies":[{"embeddable":true,"href":"https:\/\/www.wichtige-nadh.info\/it\/wp-json\/wp\/v2\/comments?post=6488"}],"version-history":[{"count":10,"href":"https:\/\/www.wichtige-nadh.info\/it\/wp-json\/wp\/v2\/pages\/6488\/revisions"}],"predecessor-version":[{"id":6491,"href":"https:\/\/www.wichtige-nadh.info\/it\/wp-json\/wp\/v2\/pages\/6488\/revisions\/6491"}],"wp:attachment":[{"href":"https:\/\/www.wichtige-nadh.info\/it\/wp-json\/wp\/v2\/media?parent=6488"}],"curies":[{"name":"wp","href":"https:\/\/api.w.org\/{rel}","templated":true}]}}