{"id":6493,"date":"2021-12-14T12:36:53","date_gmt":"2021-12-14T11:36:53","guid":{"rendered":"https:\/\/www.wichtige-nadh.info\/?page_id=6493"},"modified":"2021-12-16T20:58:24","modified_gmt":"2021-12-16T19:58:24","slug":"1-gruppoprodotti-energia-cellulare","status":"publish","type":"page","link":"https:\/\/www.wichtige-nadh.info\/it\/1-gruppoprodotti-energia-cellulare\/","title":{"rendered":"1\u00b0 gruppo &#8211; Energia cellulare"},"content":{"rendered":"<section class=\"wpb-content-wrapper\"><p>[vc_row el_id=&#8221;BUSINESSNADH&#8221; css=&#8221;.vc_custom_1638545156957{margin-bottom: 50px !important;padding-top: 100px !important;}&#8221;][vc_column width=&#8221;3\/4&#8243;][vc_column_text]<\/p>\n<h4>BUSINESS NADH &#8211; 20 mg NADH puro per pastiglia<\/h4>\n<p>[\/vc_column_text][vc_separator color=&#8221;black&#8221; border_width=&#8221;2&#8243;][vc_column_text]<span style=\"color: #008000;\"><strong>Target<\/strong><\/span><\/p>\n<p>BUSINESS NADH \u00e8, come suggerisce il nome, un vero e proprio booster di energia naturale per le persone che sono in affari, che sono attivamente coinvolte nello sport e che sono costantemente sotto stress.<\/p>\n<p>Assorbito attraverso le mucose della bocca, il principio attivo NADH \u00e8 immediatamente trasportato nel cervello e quindi nel corpo. Questo assicura un effetto rapido.<\/p>\n<p>&nbsp;<\/p>\n<p>&nbsp;<\/p>\n<p><strong><span style=\"color: #008000;\">NADH \u2013 un pieno di energia<\/span> <\/strong><\/p>\n<p>La pastiglia \u00e8 altamente dosata con 20 mg di NADH, il che ha il vantaggio che 1 &#8211; 2 pastiglie al giorno mantengono l&#8217;effetto per 24 ore.<\/p>\n<p>Preso per un lungo periodo di tempo, noterete naturalmente che la stanchezza, l&#8217;affaticamento, la mancanza di concentrazione e di reazione (questi sono deficit energetici) scompaiono, poich\u00e9 il coenzima NADH 1 fornisce l&#8217;equilibrio energetico del corpo.<\/p>\n<p>&nbsp;<\/p>\n<p><strong>\u00a0<\/strong><\/p>\n<p><span style=\"color: #008000;\"><strong>Bevande energetiche: NADH &#8211; qual \u00e8 la differenza<\/strong><\/span><\/p>\n<p>\u00c8 un errore credere che le bevande energetiche abbiano lo stesso effetto del NADH. Nel caso delle bevande energetiche, lo zucchero come fonte di energia viene incanalato attraverso la barriera emato-encefalica nel cervello per mezzo della taurina. Lo zucchero fornisce una protezione energetica a breve termine &#8211; se questo diminuisce, si cade in un &#8220;buco energetico&#8221;.<\/p>\n<p>Il NADH, tuttavia, \u00e8 il coenzima proprio del corpo. \u00c8 stato dimostrato che \u00e8 coinvolto in oltre 1.000 processi metabolici quotidiani. Il NADH \u00e8 la pura fornitura di energia cellulare &#8211; e il pi\u00f9 forte antiossidante contro i radicali liberi. Ci sono stati numerosi studi scientifici pubblicati su questo negli Stati Uniti e in Europa.<\/p>\n<p>&nbsp;<\/p>\n<p>&nbsp;<\/p>\n<p><span style=\"color: #008000;\"><strong>Quando e come deve essere presa la pastiglia?<\/strong><\/span><\/p>\n<p><strong>Raccomandazione di consumo: m<\/strong>ettere 1-2 compresse sublinguali (pastiglie) sotto la lingua ogni giorno e lasciarle sciogliere. Le compresse sublinguali si dissolvono rapidamente. Non superare la dose giornaliera raccomandata. Tenere fuori dalla portata dei bambini piccoli. Gli integratori alimentari non sostituiscono una dieta varia, che \u00e8 importante insieme a uno stile di vita sano.<\/p>\n<p>Raccomandazione di consumo solo per i consumatori in SVIZZERA: 1 compressa sublinguale (losanga) al giorno. (secondo la legge alimentare svizzera).<\/p>\n<p>&nbsp;<\/p>\n<p><span style=\"color: #008000;\"><strong>Composizione<br \/>\n<\/strong><\/span><\/p>\n<table border=\"1\" width=\"50%\">\n<tbody>\n<tr>\n<td><\/td>\n<td>per 1 pastiglia<\/td>\n<td>per 2 pastiglie<\/td>\n<\/tr>\n<tr>\n<td>NADH Coenzima 1<\/td>\n<td>20 mg<\/td>\n<td>40 mg<\/td>\n<\/tr>\n<\/tbody>\n<\/table>\n<p>&nbsp;<\/p>\n<p><strong>Ingredienti:<\/strong><br \/>\nDolcificante: isomalto<br \/>\nNADH in polvere<br \/>\nAntiagglomerante: amido.<br \/>\nRegolatore di acidit\u00e0: bicarbonato\u00a0di sodio. Aroma di frutta. Senza zucchero.<\/p>\n<p><strong>Non contiene:<\/strong><\/p>\n<p>zucchero, caffeina, lievito, prodotti caseari, conservanti.<\/p>\n<p>100% vegetariano, adatto ai diabetici.<\/p>\n<p><strong>Avviso importante:<\/strong><\/p>\n<p>Se ancora non senti alcun effetto da un prodotto NADH dopo averlo preso per due mesi, non dovresti dubitare della materia prima NADH &#8211; ma riconsiderare la fonte di approvvigionamento. Vi diciamo il perch\u00e9:<\/p>\n<ul>\n<li>Il NADH ha una durata di conservazione di 24 mesi &#8211; il NADH scaduto \u00e8 inefficace.<br \/>\nFate attenzione ai prodotti in cui il numero di lotto e la data di scadenza sono incollati sulla scatola pieghevole.<br \/>\nConfrontare il numero di lotto sul blister con quello sulla confezione &#8211; deve essere lo stesso.<\/li>\n<li>I prodotti NADH (capsule, compresse) che non sono confezionati in blister ma in contenitori sciolti sono inefficaci. Dopo che la confezione \u00e8 stata aperta pi\u00f9 volte, l&#8217;umidit\u00e0 dell&#8217;aria distrugge gradualmente la materia prima NADH. Solo l&#8217;imballaggio in blister offre protezione.<\/li>\n<\/ul>\n<p>[\/vc_column_text][vc_row_inner][vc_column_inner width=&#8221;1\/3&#8243;][vc_column_text]<u>Publikation \u00a9 Copyright:<br \/>\n<\/u>GNP GLOBAL NATURE PRODUCTS<br \/>\nASSOCIATION INC.<br \/>\nOREGON\/USA[\/vc_column_text][\/vc_column_inner][vc_column_inner width=&#8221;2\/3&#8243;][vc_single_image image=&#8221;6280&#8243; img_size=&#8221;medium&#8221;][\/vc_column_inner][\/vc_row_inner][\/vc_column][vc_column width=&#8221;1\/4&#8243;][\/vc_column][\/vc_row][vc_row el_id=&#8221;YOUNGGENERATION&#8221; css=&#8221;.vc_custom_1638545167838{margin-bottom: 50px !important;padding-top: 100px !important;}&#8221;][vc_column width=&#8221;3\/4&#8243;][vc_column_text]<\/p>\n<h4><strong>NADH YOUNG GENERATION \u2013 20 mg NADH puro per pastiglia<br \/>\n<\/strong><\/h4>\n<p>[\/vc_column_text][vc_separator color=&#8221;black&#8221; border_width=&#8221;2&#8243;][vc_column_text]<span style=\"color: #008000;\"><strong>Target<\/strong><\/span><\/p>\n<p>Si tratta soprattutto di scolari e studenti, cio\u00e8 i cittadini pi\u00f9 giovani a cui il<\/p>\n<ul>\n<li>stress da apprendimento<\/li>\n<li>nervosit\u00e0 da esame<\/li>\n<li>mancanza di concentrazione<\/li>\n<li>mancanza di reazione<\/li>\n<\/ul>\n<p>NADH YOUNG GENERATION \u00e8 anche efficace contro l&#8217;ADHD nei bambini (Disturbo da deficit di attenzione iperattivit\u00e0).<\/p>\n<p>&nbsp;<\/p>\n<p><strong><span style=\"color: #008000;\">NADH \u2013 un pieno di energia<\/span> <\/strong><\/p>\n<p>Anche questa pastiglia \u00e8 altamente dosata con 20 mg di NADH, il che ha il vantaggio che 1 &#8211; 2 pastiglie al giorno hanno un effetto di 24 ore.<\/p>\n<p>Assunto a lungo termine, noterete naturalmente che la stanchezza, l&#8217;affaticamento, la mancanza di concentrazione e di reazione (questi sono deficit energetici) ecc. spariscono, poich\u00e9 il NADH assicura l&#8217;equilibrio energetico nel corpo.<\/p>\n<p>&nbsp;<\/p>\n<p><strong>\u00a0<\/strong><\/p>\n<p><span style=\"color: #008000;\"><strong>Bevande energetiche: NADH &#8211; qual \u00e8 la differenza?<\/strong><\/span><\/p>\n<p>Che le bevande energetiche abbiano lo stesso effetto del NADH \u00e8 un&#8217;idea sbagliata. Nel caso delle bevande energetiche, lo zucchero come fonte di energia viene incanalato attraverso la barriera emato-encefalica nel cervello per mezzo della taurina. Lo zucchero fornisce una protezione energetica a breve termine &#8211; se questo diminuisce, si cade in un &#8220;buco energetico&#8221;.<\/p>\n<p>Il NADH, tuttavia, \u00e8 il coenzima proprio del corpo. \u00c8 stato dimostrato che \u00e8 coinvolto in oltre 1.000 processi metabolici quotidiani. Il NADH \u00e8 la pura fornitura di energia cellulare &#8211; e il pi\u00f9 forte antiossidante contro i radicali liberi. Ci sono stati numerosi studi scientifici pubblicati su questo argomento negli Stati Uniti e in Europa.<\/p>\n<p>&nbsp;<\/p>\n<p>&nbsp;<\/p>\n<p><span style=\"color: #008000;\"><strong>Quando e come deve essere presa la pastiglia?<br \/>\n<\/strong><\/span><\/p>\n<p><strong>Raccomandazione di dosaggio:<\/strong> 1-2 pastiglie al giorno, da mettere sotto la lingua e far sciogliere.\u00a0<strong>Prendendo la compressa sublinguale ogni giorno, la confezione dura un mese.\u00a0<\/strong>Non superare la dose giornaliera raccomandata. Tenere fuori dalla portata dei bambini piccoli. Gli integratori alimentari non sostituiscono una dieta varia ed equilibrata che \u00e8 alla base di uno stile di vita sano.<\/p>\n<p>Raccomandazione di consumo solo per i consumatori\/SVIZZERA: 1 compressa sublinguale (losanga) al giorno. (secondo la legge alimentare svizzera).<\/p>\n<p>&nbsp;<\/p>\n<p>&nbsp;<\/p>\n<p><span style=\"color: #008000;\"><strong>Composizione<\/strong><\/span><\/p>\n<table border=\"1\" width=\"50%\">\n<tbody>\n<tr>\n<td><\/td>\n<td>per 1 pastiglia<\/td>\n<td>per 2 pastiglie<\/td>\n<\/tr>\n<tr>\n<td>NADH Coenzima 1<\/td>\n<td>20 mg<\/td>\n<td>40 mg<\/td>\n<\/tr>\n<\/tbody>\n<\/table>\n<p>&nbsp;<\/p>\n<p><strong>Non contiene<\/strong>:zucchero, caffeina, lievito, prodotti caseari, conservanti.<\/p>\n<p>100% vegetariano, adatto ai diabetici.<\/p>\n<p>&nbsp;<\/p>\n<p><strong>Avviso importante:<\/strong><\/p>\n<p>Se ancora non senti alcun effetto da un prodotto NADH dopo averlo preso per due mesi, non dovresti dubitare della materia prima NADH &#8211; ma riconsiderare la fonte di approvvigionamento. Vi diciamo il perch\u00e9:<\/p>\n<ul>\n<li>Il NADH ha una durata di conservazione di 24 mesi &#8211; il NADH scaduto \u00e8 inefficace.<br \/>\nFate attenzione ai prodotti in cui il numero di lotto e la data di scadenza sono incollati sulla scatola pieghevole.<br \/>\nConfrontare il numero di lotto sul blister con quello sulla confezione &#8211; deve essere lo stesso.<\/li>\n<li>I prodotti NADH (capsule, compresse) che non sono confezionati in blister ma in contenitori sciolti sono inefficaci. Dopo che la confezione \u00e8 stata aperta pi\u00f9 volte, l&#8217;umidit\u00e0 dell&#8217;aria distrugge gradualmente la materia prima NADH. Solo l&#8217;imballaggio in blister offre protezione.<\/li>\n<\/ul>\n<p>[\/vc_column_text][vc_row_inner][vc_column_inner width=&#8221;1\/3&#8243;][vc_column_text]<u>Publikation \u00a9 Copyright:<br \/>\n<\/u>GNP GLOBAL NATURE PRODUCTS<br \/>\nASSOCIATION INC.<br \/>\nOREGON\/USA[\/vc_column_text][\/vc_column_inner][vc_column_inner width=&#8221;2\/3&#8243;][vc_single_image image=&#8221;6277&#8243; img_size=&#8221;medium&#8221;][\/vc_column_inner][\/vc_row_inner][\/vc_column][vc_column width=&#8221;1\/4&#8243;][\/vc_column][\/vc_row][vc_row el_id=&#8221;BENADH&#8221; css=&#8221;.vc_custom_1638545886738{margin-bottom: 50px !important;padding-top: 100px !important;}&#8221;][vc_column width=&#8221;3\/4&#8243;][vc_column_text]<\/p>\n<h4><strong>BENADH \u2013 20 mg NADH puro per compressa<br \/>\n<\/strong><\/h4>\n<p>[\/vc_column_text][vc_separator color=&#8221;black&#8221; border_width=&#8221;2&#8243;][vc_column_text]<span style=\"color: #008000;\"><strong>Target<\/strong><\/span><\/p>\n<p>La classica compressa da deglutire \u00e8 ideale per le persone che sono abituate a prendere le compresse al mattino prima della colazione.<\/p>\n<p>Le microcompresse BENADH hanno anche aree di utilizzo speciali e sono quindi raccomandate per:<\/p>\n<ul>\n<li>Stanchezza<\/li>\n<li>Abbattimento<\/li>\n<li>Mancanza di concentrazione<\/li>\n<li>Mancanza di reazione<\/li>\n<li>Mancanza di gioia di vivere<\/li>\n<\/ul>\n<p>Queste situazioni hanno un impatto enorme sulla tua voglia di vivere.<\/p>\n<p>&nbsp;<\/p>\n<p><strong><span style=\"color: #008000;\">NADH \u2013 un pieno di energia<\/span> <\/strong><\/p>\n<p>Anche questa microcompressa \u00e8 altamente dosata con 20 mg di NADH, ed ha il vantaggio che 1 &#8211; 2 pastiglie al giorno manterranno l&#8217;effetto per 24 ore.<\/p>\n<p>Preso per un lungo periodo di tempo, noterete naturalmente che la stanchezza, l&#8217;affaticamento, la mancanza di concentrazione e di reazione (questi sono deficit energetici) ecc. spariscono, poich\u00e9 il NADH fornisce l&#8217;equilibrio energetico nel corpo. La gioia di vivere, la gioia di vivere ritorna.<\/p>\n<p>&nbsp;<\/p>\n<p>&nbsp;<\/p>\n<p><span style=\"color: #008000;\"><strong>Stimolazione metabolica<\/strong><\/span><\/p>\n<p>Il NADH \u00e8 il coenzima proprio del corpo. \u00c8 dimostrato che \u00e8 coinvolto in oltre 1.000 processi metabolici quotidiani. Il NADH \u00e8 la pura fornitura di energia cellulare &#8211; e il pi\u00f9 forte antiossidante contro i radicali liberi. Ci sono numerosi studi scientifici pubblicati su questo negli Stati Uniti e in Europa.<\/p>\n<p>&nbsp;<\/p>\n<p><span style=\"color: #008000;\"><strong>Quando e come deve essere presa questa microcompressa?<\/strong><\/span><\/p>\n<p><strong>Raccomandazioni di dosaggio:\u00a0<\/strong>1-2 compresse al giorno, al mattino con 1 bicchiere d&#8217;acqua. Non superare la dose giornaliera raccomandata. Tenere fuori dalla portata dei bambini piccoli. Gli integratori alimentari non sostituiscono una dieta varia ed equilibrata che \u00e8 alla base di uno stile di vita sano.<\/p>\n<p>Raccomandazione di consumo solo per i consumatori in SVIZZERA: 1 microcompressa al giorno (secondo la legislazione alimentare svizzera).<\/p>\n<p>&nbsp;<\/p>\n<p>&nbsp;<\/p>\n<p><span style=\"color: #008000;\"><strong>Composizione<\/strong><\/span><\/p>\n<table border=\"1\" width=\"50%\">\n<tbody>\n<tr>\n<td><\/td>\n<td>per 1 microcompressa<\/td>\n<td>per 2 microcompressa<\/td>\n<\/tr>\n<tr>\n<td>NADH Coenzima 1<\/td>\n<td>20 mg<\/td>\n<td>40 mg<\/td>\n<\/tr>\n<\/tbody>\n<\/table>\n<p><strong>Ingredienti<\/strong>:<br \/>\nDolcificante: isomalto<br \/>\nNADH in polvere<br \/>\nAntiagglomerante: sali di magnesio degli acidi grassi.<br \/>\nAddensanti: cellulosa microcristallina.<br \/>\nRegolatore di acidit\u00e0: carbonato acido di sodio. Agente di rivestimento: gommalacca (PCMT\u00ae). <strong>Attenzione:<\/strong>\u00a0queste microcompresse non sono colorate o sbiancate con coloranti alimentari &#8211; sono naturali!<\/p>\n<p><strong>Non contiene:<\/strong>\u00a0zucchero, caffeina, lievito, prodotti caseari, conservanti, (soddisfa le indicazioni vegetariane), coloranti alimentari.<\/p>\n<p>100% vegetariano, adatto ai diabetici.<\/p>\n<p>&nbsp;<\/p>\n<p><strong>Avviso importante:<\/strong><\/p>\n<p>Se ancora non senti alcun effetto da un prodotto NADH dopo averlo preso per due mesi, non dovresti dubitare della materia prima NADH &#8211; ma riconsiderare la fonte di approvvigionamento. Vi diciamo il perch\u00e9:<\/p>\n<ul>\n<li>Il NADH ha una durata di conservazione di 24 mesi &#8211; il NADH scaduto \u00e8 inefficace.<br \/>\nFate attenzione ai prodotti in cui il numero di lotto e la data di scadenza sono incollati sulla scatola pieghevole.<br \/>\nConfrontare il numero di lotto sul blister con quello sulla confezione &#8211; deve essere lo stesso.<\/li>\n<li>I prodotti NADH (capsule, compresse) che non sono confezionati in blister ma in contenitori sciolti sono inefficaci. Dopo che la confezione \u00e8 stata aperta pi\u00f9 volte, l&#8217;umidit\u00e0 dell&#8217;aria distrugge gradualmente la materia prima NADH. Solo l&#8217;imballaggio in blister offre protezione.<\/li>\n<\/ul>\n<p>[\/vc_column_text][vc_row_inner][vc_column_inner width=&#8221;1\/3&#8243;][vc_column_text]<u>Publikation \u00a9 Copyright:<br \/>\n<\/u>GNP GLOBAL NATURE PRODUCTS<br \/>\nASSOCIATION INC.<br \/>\nOREGON\/USA[\/vc_column_text][\/vc_column_inner][vc_column_inner width=&#8221;2\/3&#8243;][vc_single_image image=&#8221;6288&#8243; img_size=&#8221;medium&#8221;][\/vc_column_inner][\/vc_row_inner][\/vc_column][vc_column width=&#8221;1\/4&#8243;][\/vc_column][\/vc_row][vc_row el_id=&#8221;NADH40plus&#8221; css=&#8221;.vc_custom_1638546045643{margin-bottom: 50px !important;padding-top: 100px !important;}&#8221;][vc_column width=&#8221;3\/4&#8243;][vc_column_text]<\/p>\n<h4><strong>NADH 40 plus \u2013 20 mg NADH <b>(combinato funzionalmente)<\/b> per compressa<br \/>\n<\/strong><\/h4>\n<p>[\/vc_column_text][vc_separator color=&#8221;black&#8221; border_width=&#8221;2&#8243;][vc_column_text]<span style=\"color: #008000;\"><strong>Target<\/strong><\/span><\/p>\n<p>Persone che vogliono invecchiare in modo sano!<\/p>\n<p>&nbsp;<\/p>\n<p><span style=\"color: #008000;\"><strong>Raccomandato per:<\/strong><\/span><\/p>\n<ul>\n<li>Segni di invecchiamento<\/li>\n<li>Disturbi fisici<\/li>\n<li>Mancanza di concentrazione<\/li>\n<li>Debolezza di reazione<\/li>\n<\/ul>\n<p>Per invecchiare in modo sano, bisogna fare qualcosa:<\/p>\n<ul>\n<li>Mangiare una dieta sana<\/li>\n<li>Fare sport<\/li>\n<li>Prendere aria fresca<\/li>\n<li>Evitare preoccupazioni e stress<\/li>\n<li>Prendere vitamine, minerali, oligoelementi, coenzimi<\/li>\n<\/ul>\n<p>&nbsp;<\/p>\n<p><span style=\"color: #008000;\"><strong>INVECCHIARE IN SALUTE<\/strong><\/span><\/p>\n<p>questo \u00e8 l&#8217;obiettivo di tutti noi! \u00c8 realizzabile, ma bisogna anche contribuire. I principi attivi combinati in modo funzionale in questa compressa di NADH sono importantissimi.<\/p>\n<p><strong>\u00a0<\/strong><\/p>\n<p><strong><span style=\"color: #008000;\">NADH<\/span> <\/strong><\/p>\n<p>il coenzima proprio del corpo, fornisce energia cellulare naturale e fresca. Rafforza il sistema immunitario e stimola il metabolismo. \u00c8 stato dimostrato che \u00e8 coinvolto in pi\u00f9 di 1.000 processi metabolici ogni giorno. Il NADH \u00e8 il pi\u00f9 forte antiossidante contro i radicali liberi. Ci sono numerosi studi scientifici pubblicati su questo negli Stati Uniti e in Europa.<\/p>\n<p>&nbsp;<\/p>\n<p><strong><span style=\"color: #008000;\">CoQ10 (Ubichinone-10)<\/span> <\/strong><\/p>\n<p>\u00e8 un composto che sostiene l&#8217;approvvigionamento energetico delle cellule. Il CoQ10 \u00e8 attivato solo da una quantit\u00e0 sufficiente di NADH nel corpo.<\/p>\n<p>&nbsp;<\/p>\n<p><span style=\"color: #008000;\"><strong>Lecitina<\/strong><\/span><\/p>\n<p>La funzione della lecitina, sta nella costruzione delle membrane cellulari.<\/p>\n<p>&nbsp;<\/p>\n<p><strong><u><span style=\"color: #008000;\">Vitamina D<\/span> <\/u><\/strong><\/p>\n<p>rafforza il sistema immunitario. Stimolazione metabolica Il NADH \u00e8 il coenzima del corpo. \u00c8 dimostrato che \u00e8 coinvolto in oltre 1.000 processi metabolici quotidiani. Il NADH \u00e8 la pura fornitura di energia cellulare &#8211; e il pi\u00f9 forte antiossidante contro i radicali liberi. Ci sono numerosi studi scientifici pubblicati su questo negli Stati Uniti e in Europa.<\/p>\n<p>&nbsp;<\/p>\n<p><span style=\"color: #008000;\"><strong>Quando e come viene somministrata questa compressa?<\/strong><\/span><\/p>\n<p><strong>Raccomandazioni di dosaggio: <\/strong>1-2 compresse al giorno, al mattino con 1 bicchiere d&#8217;acqua. Non superare la dose giornaliera raccomandata. Tenere fuori dalla portata dei bambini piccoli. Gli integratori alimentari non sostituiscono una dieta varia ed equilibrata che \u00e8 alla base di uno stile di vita sano.<\/p>\n<p><strong>\u00a0<\/strong>Raccomandazione di consumo solo per i consumatori in SVIZZERA: 1 compressa al giorno (secondo la legislazione alimentare svizzera).<\/p>\n<p>&nbsp;<\/p>\n<p><span style=\"color: #008000;\"><strong>Composizione<\/strong><\/span><\/p>\n<table border=\"1\" width=\"50%\">\n<tbody>\n<tr>\n<td><\/td>\n<td>per 1 compressa<\/td>\n<td>per 2 compresse<\/td>\n<\/tr>\n<tr>\n<td>Lecitina<\/td>\n<td>150 mg<\/td>\n<td>300 mg<\/td>\n<\/tr>\n<tr>\n<td>Coenzima Q10<\/td>\n<td>30 mg<\/td>\n<td>60 mg<\/td>\n<\/tr>\n<tr>\n<td>NADH<\/td>\n<td>22 mg<\/td>\n<td>44 mg<\/td>\n<\/tr>\n<tr>\n<td>Vitamina D<\/td>\n<td>5 \u00b5g<\/td>\n<td>10 \u00b5g<\/td>\n<\/tr>\n<\/tbody>\n<\/table>\n<p>&nbsp;<\/p>\n<p><strong>Ingredienti:<br \/>\n<\/strong>Dolcificante: isomalto.<br \/>\nLecitina, coenzima Q10, NADH (6,1%), biossido di silicio, bicarbonato\u00a0di sodio. Addensanti: cellulosa.<br \/>\nEmulsionante: sali di magnesio degli acidi grassi, vitamina D3.<br \/>\nAgente di rivestimento: gommalacca (PCMT\u00ae).<\/p>\n<p><strong>Non contiene:<\/strong>\u00a0zucchero, caffeina, lievito, prodotti caseari, conservanti.<\/p>\n<p>100% vegetariano, adatto ai diabetici.<\/p>\n<p>&nbsp;<\/p>\n<p><strong>Avviso importante:<\/strong><\/p>\n<p>Se ancora non senti alcun effetto da un prodotto NADH dopo averlo preso per due mesi, non dovresti dubitare della materia prima NADH &#8211; ma riconsiderare la fonte di approvvigionamento. Vi diciamo il perch\u00e9:<\/p>\n<ul>\n<li>Il NADH ha una durata di conservazione di 24 mesi &#8211; il NADH scaduto \u00e8 inefficace.<br \/>\nFate attenzione ai prodotti in cui il numero di lotto e la data di scadenza sono incollati sulla scatola pieghevole.<br \/>\nConfrontare il numero di lotto sul blister con quello sulla confezione &#8211; deve essere lo stesso.<\/li>\n<li>I prodotti NADH (capsule, compresse) che non sono confezionati in blister ma in contenitori sciolti sono inefficaci. Dopo che la confezione \u00e8 stata aperta pi\u00f9 volte, l&#8217;umidit\u00e0 dell&#8217;aria distrugge gradualmente la materia prima NADH. Solo l&#8217;imballaggio in blister offre protezione.<\/li>\n<\/ul>\n<p>[\/vc_column_text][vc_row_inner][vc_column_inner width=&#8221;1\/3&#8243;][vc_column_text]<u>Publikation \u00a9 Copyright:<br \/>\n<\/u>GNP GLOBAL NATURE PRODUCTS<br \/>\nASSOCIATION INC.<br \/>\nOREGON\/USA[\/vc_column_text][\/vc_column_inner][vc_column_inner width=&#8221;2\/3&#8243;][vc_single_image image=&#8221;6375&#8243; img_size=&#8221;medium&#8221;][\/vc_column_inner][\/vc_row_inner][\/vc_column][vc_column width=&#8221;1\/4&#8243;][\/vc_column][\/vc_row]<\/p>\n<\/section>","protected":false},"excerpt":{"rendered":"<p>[vc_row el_id=&#8221;BUSINESSNADH&#8221; css=&#8221;.vc_custom_1638545156957{margin-bottom: 50px !important;padding-top: 100px !important;}&#8221;][vc_column width=&#8221;3\/4&#8243;][vc_column_text] BUSINESS NADH &#8211; 20 mg NADH puro per pastiglia [\/vc_column_text][vc_separator color=&#8221;black&#8221; border_width=&#8221;2&#8243;][vc_column_text]Target BUSINESS NADH \u00e8, come suggerisce il nome, un vero e proprio booster di energia naturale per le persone che sono in affari, che sono attivamente coinvolte nello sport e che sono costantemente sotto stress. Assorbito&hellip;<\/p>\n","protected":false},"author":1,"featured_media":0,"parent":0,"menu_order":0,"comment_status":"closed","ping_status":"closed","template":"","meta":{"footnotes":""},"class_list":["post-6493","page","type-page","status-publish","hentry","description-off"],"_links":{"self":[{"href":"https:\/\/www.wichtige-nadh.info\/it\/wp-json\/wp\/v2\/pages\/6493","targetHints":{"allow":["GET"]}}],"collection":[{"href":"https:\/\/www.wichtige-nadh.info\/it\/wp-json\/wp\/v2\/pages"}],"about":[{"href":"https:\/\/www.wichtige-nadh.info\/it\/wp-json\/wp\/v2\/types\/page"}],"author":[{"embeddable":true,"href":"https:\/\/www.wichtige-nadh.info\/it\/wp-json\/wp\/v2\/users\/1"}],"replies":[{"embeddable":true,"href":"https:\/\/www.wichtige-nadh.info\/it\/wp-json\/wp\/v2\/comments?post=6493"}],"version-history":[{"count":10,"href":"https:\/\/www.wichtige-nadh.info\/it\/wp-json\/wp\/v2\/pages\/6493\/revisions"}],"predecessor-version":[{"id":6599,"href":"https:\/\/www.wichtige-nadh.info\/it\/wp-json\/wp\/v2\/pages\/6493\/revisions\/6599"}],"wp:attachment":[{"href":"https:\/\/www.wichtige-nadh.info\/it\/wp-json\/wp\/v2\/media?parent=6493"}],"curies":[{"name":"wp","href":"https:\/\/api.w.org\/{rel}","templated":true}]}}