{"id":6522,"date":"2021-12-16T09:27:53","date_gmt":"2021-12-16T08:27:53","guid":{"rendered":"https:\/\/www.wichtige-nadh.info\/?page_id=6522"},"modified":"2022-09-13T12:49:32","modified_gmt":"2022-09-13T10:49:32","slug":"3-gruppoprodotti-sistemanervoso","status":"publish","type":"page","link":"https:\/\/www.wichtige-nadh.info\/it\/3-gruppoprodotti-sistemanervoso\/","title":{"rendered":"3\u00b0 gruppo &#8211; Sistema nervoso"},"content":{"rendered":"<section class=\"wpb-content-wrapper\"><p>[vc_row el_id=&#8221;L-TRYPTOPHAN&#8221; css=&#8221;.vc_custom_1638789067864{margin-bottom: 50px !important;padding-top: 100px !important;}&#8221;][vc_column width=&#8221;3\/4&#8243;][vc_column_text]<\/p>\n<h4><strong>NADH plus L-TRYPTOPHAN &#8211; <\/strong><strong>20 mg NADH <b>(combinato funzionalmente)<\/b> per pastiglia<br \/>\n<\/strong><\/h4>\n<p>[\/vc_column_text][vc_separator color=&#8221;black&#8221; border_width=&#8221;2&#8243;][vc_column_text]<span style=\"color: #008000;\"><strong>Target<\/strong><\/span><\/p>\n<p>Questa pastiglia \u00e8 per le persone che &#8220;non riescono a staccare&#8221;, che non riescono ad allontanare le preoccupazioni, problemi, eventi quotidiani ecc. in modo tempestivo e quindi li portano sempre con s\u00e9.<\/p>\n<p>Questo porta il sistema nervoso ad assottigliarsi ogni giorno, i disturbi del sonno sono pi\u00f9 frequenti &#8211; ci si sente &#8220;fuori giri&#8221;!<\/p>\n<p>&nbsp;<\/p>\n<p><span style=\"color: #008000;\"><strong>Raccomandato per:<\/strong><\/span><\/p>\n<ul>\n<li>Disturbi del sonno<\/li>\n<li>Insonnia<\/li>\n<li>Nervosismo<\/li>\n<\/ul>\n<p>Questo pu\u00f2 avvenire anche durante il giorno, non solo la sera &#8211; ogni volta che si vuole fare una pausa!<\/p>\n<p>&nbsp;<\/p>\n<p><span style=\"color: #008000;\"><strong>L-TRYPTOPHAN<\/strong><\/span><\/p>\n<p>L-triptofano, un aminoacido essenziale, \u00e8 estremamente importante per il benessere. Quando i nostri livelli di triptofano sono bassi, il nostro umore ne risente. Lo stress, i disturbi del sonno e una dieta non sana possono avere una forte influenza sul livello di triptofano e quindi avere un effetto negativo sul tuo umore.<\/p>\n<p>L-TRYPTOPHAN \u00e8 anche il precursore dell&#8217;ormone del sonno MELATONINA Non solo la serotonina, ma anche la melatonina \u00e8 prodotta da questo aminoacido. \u00c8 noto che la melatonina regola il nostro &#8220;ritmo sonno-veglia&#8221;.<\/p>\n<p>Un basso livello di serotonina \u00e8 una causa importante degli sbalzi d&#8217;umore e di una scarsa sensazione di benessere.\u00a0 Se c&#8217;\u00e8 troppo poca serotonina nel cervello, la trasmissione degli stimoli tra le cellule nervose non funziona pi\u00f9 correttamente.<\/p>\n<p>Tuttavia, la serotonina non pu\u00f2 essere assunta semplicemente come &#8220;materiale da costruzione&#8221;; pu\u00f2 essere aumentata solo attraverso l&#8217;aggiunta di L-triptofano. Pertanto, dovresti assicurarti che il tuo cervello riceva abbastanza L-triptofano.<\/p>\n<p>&nbsp;<\/p>\n<p><span style=\"color: #008000;\"><strong>NADH<\/strong><\/span><\/p>\n<p>Il NADH combinato funzionalmente gioca un ruolo decisivo. Mantiene l&#8217;equilibrio energetico del corpo durante la fase di rilassamento che l&#8217;L-triptofano induce naturalmente. Questo impedisce di svegliarsi la mattina sentendosi stanchi (cio\u00e8 privi di energia), come accade, per esempio, con i sonniferi.<\/p>\n<p><strong>\u00a0<\/strong><\/p>\n<p><span style=\"color: #008000;\"><strong>Taurina<\/strong><\/span><\/p>\n<p>La taurina \u00e8 un acido aminosulfonico che permette ai principi attivi assorbiti attraverso le membrane mucose della bocca di passare attraverso la barriera emato-encefalica senza ostacoli, permettendo loro di entrare nel cervello. Da qui l&#8217;effetto rapido.<\/p>\n<p>&nbsp;<\/p>\n<p><span style=\"color: #008000;\"><strong>Ginseng<\/strong><\/span><\/p>\n<p>Il ginseng lavora in segreto. Questa radice ha propriet\u00e0 stimolanti, ricostituenti e calmanti, ma il ginseng ha bisogno di un po&#8217; di tempo per diventare percepibile nel corpo per il suo effetto regolatore &#8211; ma di conseguenza ha un effetto pi\u00f9 duraturo.<\/p>\n<p>&nbsp;<\/p>\n<p><span style=\"color: #008000;\"><strong>Quando e come viene somministrata questa pastiglia?<\/strong><\/span><\/p>\n<p><strong>Raccomandazioni di dosaggio:<\/strong> 1-2 pastiglie sublinguali sotto la lingua ogni giorno e lasciarle sciogliere. Le pastiglie sublinguali si dissolvono rapidamente. Non superare la dose giornaliera raccomandata. Tenere fuori dalla portata dei bambini piccoli. Gli integratori alimentari non sostituiscono una dieta varia ed equilibrata che \u00e8 alla base di uno stile di vita sano.<\/p>\n<p>&nbsp;<\/p>\n<p>Raccomandazione di consumo solo per i consumatori in SVIZZERA: 1 compressa sublinguale al giorno (secondo la legislazione alimentare svizzera).<\/p>\n<p>&nbsp;<\/p>\n<p><span style=\"color: #008000;\"><strong>Composizione<\/strong><\/span><\/p>\n<table border=\"1\" width=\"50%\">\n<tbody>\n<tr>\n<td><\/td>\n<td>per 1 pastiglia<\/td>\n<td>per 2 pastiglie<\/td>\n<\/tr>\n<tr>\n<td>Triptofano<\/td>\n<td>150 mg<\/td>\n<td>300 mg<\/td>\n<\/tr>\n<tr>\n<td>Ginseng in polvere<\/td>\n<td>40 mg<\/td>\n<td>80 mg<\/td>\n<\/tr>\n<tr>\n<td>Taurina<\/td>\n<td>40 mg<\/td>\n<td>80 mg<\/td>\n<\/tr>\n<tr>\n<td>Coenzima 1 \u2013 NADH<\/td>\n<td>20 mg<\/td>\n<td>40 mg<\/td>\n<\/tr>\n<\/tbody>\n<\/table>\n<p>&nbsp;<\/p>\n<p><strong>Ingredienti:<\/strong><br \/>\nDolcificante: isomalto, glicosidi steviolici (Stevia).<br \/>\nTriptofano, ginseng in polvere, taurina, NADH in polvere.<br \/>\nAntiagglomerante: amido.<br \/>\nRegolatore di acidit\u00e0: bicarbonato\u00a0di sodio.<br \/>\nAroma di frutta. Senza zucchero.<\/p>\n<p><strong>Non contiene:<\/strong>\u00a0zucchero, caffeina, lievito, prodotti caseari, conservanti.<br \/>\n100% vegetariano, adatto ai diabetici.<\/p>\n<p>&nbsp;<\/p>\n<p><strong>Avviso importante:<\/strong><\/p>\n<p>Se ancora non senti alcun effetto da un prodotto NADH dopo averlo preso per due mesi, non dovresti dubitare della materia prima NADH &#8211; ma riconsiderare la fonte di approvvigionamento. Vi diciamo il perch\u00e9:<\/p>\n<ul>\n<li>Il NADH ha una durata di conservazione di 24 mesi &#8211; il NADH scaduto \u00e8 inefficace.<br \/>\nFate attenzione ai prodotti in cui il numero di lotto e la data di scadenza sono incollati sulla scatola pieghevole.<br \/>\nConfrontare il numero di lotto sul blister con quello sulla confezione &#8211; deve essere lo stesso.<\/li>\n<li>I prodotti NADH (capsule, compresse) che non sono confezionati in blister ma in contenitori sciolti sono inefficaci. Dopo che la confezione \u00e8 stata aperta pi\u00f9 volte, l&#8217;umidit\u00e0 dell&#8217;aria distrugge gradualmente la materia prima NADH. Solo l&#8217;imballaggio in blister offre protezione.<\/li>\n<\/ul>\n<p>&nbsp;<\/p>\n<p>[\/vc_column_text][vc_row_inner][vc_column_inner width=&#8221;1\/3&#8243;][vc_column_text]<u>Publikation \u00a9 Copyright:<br \/>\n<\/u>GNP GLOBAL NATURE PRODUCTS<br \/>\nASSOCIATION INC.<br \/>\nOREGON\/USA[\/vc_column_text][\/vc_column_inner][vc_column_inner width=&#8221;2\/3&#8243;][vc_single_image image=&#8221;6307&#8243; img_size=&#8221;medium&#8221;][\/vc_column_inner][\/vc_row_inner][\/vc_column][vc_column width=&#8221;1\/4&#8243;][\/vc_column][\/vc_row][vc_row el_id=&#8221;SERONADHIN&#8221; css=&#8221;.vc_custom_1638789103189{margin-bottom: 50px !important;padding-top: 100px !important;}&#8221;][vc_column width=&#8221;3\/4&#8243;][vc_column_text]<\/p>\n<h4><strong>SERONADHIN \u2013 22 mg NADH <b>(combinato funzionalmente)<\/b> per compressa<br \/>\n<\/strong><\/h4>\n<p>[\/vc_column_text][vc_separator color=&#8221;black&#8221; border_width=&#8221;2&#8243;][vc_column_text]<span style=\"color: #008000;\"><strong>Target<\/strong><\/span><\/p>\n<p>Persone depresse che hanno urgente bisogno di un risollevamento dell&#8217;umore!<\/p>\n<p>Ci sono ancora persone che prendono la depressione alla leggera &#8211; perch\u00e9 non ne sono affetti o non conoscono la malattia.<\/p>\n<p>&nbsp;<\/p>\n<p><span style=\"color: #008000;\"><strong>Raccomandato per:<\/strong><\/span><\/p>\n<ul>\n<li>sbalzi d&#8217;umore<\/li>\n<li>depressione<\/li>\n<li>per rafforzare naturalmente la gioia di vivere<\/li>\n<\/ul>\n<p>Al giorno d&#8217;oggi, il miglioramento dell&#8217;umore \u00e8 richiesto pi\u00f9 che mai, soprattutto quando siamo confrontati con storie di orrore nei media tutto il giorno.<\/p>\n<p>Tuttavia, per alleggerire l&#8217;umore, il corpo deve essere sufficientemente rifornito degli ormoni della felicit\u00e0 serotonina e dopamina (neurotrasmettitori).<\/p>\n<p>&nbsp;<\/p>\n<p><strong><span style=\"color: #008000;\">5 HTP Griffonia simplicifolia<\/span> <\/strong><\/p>\n<p>\u00e8 il precursore della serotonina, l&#8217;ormone della felicit\u00e0. Il corpo pu\u00f2 facilmente produrre serotonina dal 5-HTP. 5-HTP \u00e8 quindi considerato un rimedio che pu\u00f2 aumentare i livelli di serotonina. Pu\u00f2 essere usato specificamente per gli sbalzi d&#8217;umore, la depressione e soprattutto l&#8217;ansia.<\/p>\n<p>&nbsp;<\/p>\n<p><span style=\"color: #008000;\"><strong>L-Tryptophan<\/strong><\/span><\/p>\n<p>un aminoacido essenziale che entra nel corpo attraverso le proteine nel cibo, viene convertito l\u00ec in serotonina, tra le altre cose. La dopamina \u00e8 una sostanza messaggera nel cervello che serve ad eccitare le cellule nervose ed \u00e8 quindi corresponsabile dell&#8217;elaborazione delle informazioni e, come neurotrasmettitore, di importanti processi di controllo nel cervello. La serotonina \u00e8 un importante messaggero del cervello che \u00e8 anche comunemente conosciuto come &#8220;l&#8217;ormone della felicit\u00e0&#8221;. Una mancanza di serotonina \u00e8 considerata una possibile causa di depressione. Quindi non \u00e8 sorprendente che pi\u00f9 di 40 anni fa, sono stati fatti tentativi per aiutare le persone affette da depressione con triptofano supplementare.<\/p>\n<p>&nbsp;<\/p>\n<p><strong><span style=\"color: #008000;\">Vitamina B6<\/span> <\/strong><\/p>\n<p>sostiene lo sviluppo e la protezione delle connessioni nervose. Supporta anche il sistema immunitario.<\/p>\n<p>&nbsp;<\/p>\n<p><strong><span style=\"color: #008000;\">Vitamina D<\/span> <\/strong><\/p>\n<p>ha un effetto positivo sul sistema immunitario, il cuore e la circolazione e i nervi..<\/p>\n<p>&nbsp;<\/p>\n<p><strong><span style=\"color: #008000;\">Vitamina B12<\/span> <\/strong><\/p>\n<p>sprigiona il suo effetto nel sistema nervoso centrale, compresi il midollo spinale e il cervello.<\/p>\n<p>&nbsp;<\/p>\n<p><span style=\"color: #008000;\"><strong>NADH<\/strong><\/span><\/p>\n<p>assicura il rapido apporto di energia alle cellule, ripristinando cos\u00ec l&#8217;equilibrio energetico del corpo.<\/p>\n<p><strong>\u00a0<\/strong><\/p>\n<p><span style=\"color: #008000;\"><strong>Quando e come viene somministrata questa compressa??<\/strong><\/span><\/p>\n<p><strong>Raccomandazioni di dosaggio:\u00a0<\/strong>1-2 compresse al giorno al mattino con 1 bicchiere d&#8217;acqua. Non superare la dose giornaliera raccomandata. Tenere fuori dalla portata dei bambini piccoli. Gli integratori alimentari non sostituiscono una dieta varia ed equilibrata che \u00e8 alla base di uno stile di vita sano.<\/p>\n<p>Raccomandazione di consumo solo per i consumatori in SVIZZERA: 1 compressa sublinguale al giorno (secondo la legislazione alimentare svizzera).<\/p>\n<p>&nbsp;<\/p>\n<p><span style=\"color: #008000;\"><strong>Composizione<\/strong><\/span><\/p>\n<table border=\"1\" width=\"50%\">\n<tbody>\n<tr>\n<td><\/td>\n<td>pro 1 compressa<\/td>\n<td>pro 2 compresse<\/td>\n<\/tr>\n<tr>\n<td>5-HTP estratto di Griffonia<\/td>\n<td>140 mg<\/td>\n<td>280 mg<\/td>\n<\/tr>\n<tr>\n<td>Triptofano<\/td>\n<td>25 mg<\/td>\n<td>50 mg<\/td>\n<\/tr>\n<tr>\n<td>NADH Coenzima 1<\/td>\n<td>22 mg<\/td>\n<td>44 mg<\/td>\n<\/tr>\n<tr>\n<td>Vitamina B6<\/td>\n<td>1,4 mg<\/td>\n<td>2,8 mg<\/td>\n<\/tr>\n<tr>\n<td>Vitamina D<\/td>\n<td>5 \u00b5g<\/td>\n<td>10 \u00b5g<\/td>\n<\/tr>\n<tr>\n<td>Vitamina B12<\/td>\n<td>2,5 \u00b5g<\/td>\n<td>5 \u00b5g<\/td>\n<\/tr>\n<\/tbody>\n<\/table>\n<p>&nbsp;<\/p>\n<p><strong>Ingredienti<\/strong>:<br \/>\nDolcificante: isomalto.<br \/>\n5-HTP (estratto di griffonia 16,7%), triptofano, NADH 7,3%, vitamina B12, vitamina B6, Vitamina B9, Vitamina D.<br \/>\nEmulsionante: sali di magnesio degli acidi grassi. Addensanti: cellulosa microcristallina, bicarbonato di sodio<em>,\u00a0<\/em>agente di rivestimento: gommalacca (PCMT\u00ae).<br \/>\n<strong>Non contiene:<\/strong>\u00a0zucchero, caffeina, lievito, prodotti caseari, conservanti.<br \/>\n100% vegetariano, adatto ai diabetici.<\/p>\n<p><strong>Avviso importante:<\/strong><\/p>\n<p>Se ancora non senti alcun effetto da un prodotto NADH dopo averlo preso per due mesi, non dovresti dubitare della materia prima NADH &#8211; ma riconsiderare la fonte di approvvigionamento. Vi diciamo il perch\u00e9:<\/p>\n<ul>\n<li>Il NADH ha una durata di conservazione di 24 mesi &#8211; il NADH scaduto \u00e8 inefficace.<br \/>\nFate attenzione ai prodotti in cui il numero di lotto e la data di scadenza sono incollati sulla scatola pieghevole.<br \/>\nConfrontare il numero di lotto sul blister con quello sulla confezione &#8211; deve essere lo stesso.<\/li>\n<li>I prodotti NADH (capsule, compresse) che non sono confezionati in blister ma in contenitori sciolti sono inefficaci. Dopo che la confezione \u00e8 stata aperta pi\u00f9 volte, l&#8217;umidit\u00e0 dell&#8217;aria distrugge gradualmente la materia prima NADH. Solo l&#8217;imballaggio in blister offre protezione.<\/li>\n<\/ul>\n<p>&nbsp;<\/p>\n<p>[\/vc_column_text][vc_row_inner][vc_column_inner width=&#8221;1\/3&#8243;][vc_column_text]<u>Publikation \u00a9 Copyright:<br \/>\n<\/u>GNP GLOBAL NATURE PRODUCTS<br \/>\nASSOCIATION INC.<br \/>\nOREGON\/USA[\/vc_column_text][\/vc_column_inner][vc_column_inner width=&#8221;2\/3&#8243;][vc_single_image image=&#8221;6312&#8243; img_size=&#8221;medium&#8221;][\/vc_column_inner][\/vc_row_inner][\/vc_column][vc_column width=&#8221;1\/4&#8243;][\/vc_column][\/vc_row][vc_row el_id=&#8221;SCHLAFGUT&#8221; css=&#8221;.vc_custom_1659016287538{margin-bottom: 50px !important;padding-top: 100px !important;}&#8221;][vc_column width=&#8221;3\/4&#8243;][vc_column_text]<\/p>\n<h4><strong>SCHLAF GUT \/ DOLCE DORMIRE \u2013 10 mg NADH <b>(combinato funzionalmente)<\/b> per pastiglia<br \/>\n<\/strong><\/h4>\n<p>[\/vc_column_text][vc_separator color=&#8221;black&#8221; border_width=&#8221;2&#8243;][vc_column_text]<span style=\"color: #008000;\"><strong>Target<\/strong><\/span><\/p>\n<p>Queste pastiglie NADH plus, uniche e brevettate internazionalmente nella formula (ricetta), combinate in modo funzionale con principi attivi vegetali, sono utili per problemi in fase di addormentamento e mantenimento del sonno. Per una integrazione nutrizionale con NADH COENZIMA 1 e melissa, valeriana, passiflora, luppolo, melatonina.<\/p>\n<p>&nbsp;<\/p>\n<p><span style=\"color: #008000;\"><strong>Che cos&#8217;\u00e8 il NADH COENZIMA 1?<\/strong><\/span><\/p>\n<p>Il NADH pu\u00f2 aiutare il cervello a produrre neurotrasmettitori come la serotonina, la noradrenalina e la dopamina. Il NADH COENZIMA 1 \u00e8 in grado di aumentare la produzione di ATP (energia cellulare) in modo del tutto naturale, \u00e8 quindi il carburante per la produzione di energia cellulare e garantisce l&#8217;equilibrio energetico dell&#8217;organismo.<\/p>\n<p><span style=\"color: #008000;\"><strong>Gli effetti dell&#8217;estratto di melissa e dell&#8217;estratto di radice di valeriana?<\/strong><\/span><\/p>\n<p>Soprattutto nella combinazione dei loro principi attivi, hanno dimostrato di essere un aiuto naturale per il sonno, completamente privo di effetti collaterali e di dipendenza. Aiutano a calmare i pensieri negativi e le paure e a liberare la mente.<\/p>\n<p><span style=\"color: #008000;\"><strong>Effetto dell&#8217;estratto di passiflora?<\/strong><\/span><\/p>\n<p>La passiflora contiene numerosi principi attivi che possono aiutare a &#8220;ricaricarsi&#8221; meglio durante la notte.<\/p>\n<p><span style=\"color: #008000;\"><strong>Effetto dell&#8217;estratto di luppolo?<\/strong><\/span><\/p>\n<p>Il luppolo \u00e8 raccomandato come fitoterapia tradizionale per i disturbi mentali come l&#8217;irrequietezza, l&#8217;ansia e i disturbi del sonno. La combinazione del luppolo con la valeriana o la melissa in questa pastigliasi \u00e8 dimostrata molto efficace.<\/p>\n<p><span style=\"color: #008000;\"><strong>Effetto della melatonina?<\/strong><\/span><\/p>\n<p>La melatonina \u00e8 un ormone prodotto naturalmente dall&#8217;organismo che controlla il ritmo sonno-veglia e influenza l&#8217;orologio interno di una persona. La materia prima della melatonina \u00e8 l'&#8221;ormone della felicit\u00e0&#8221;, la serotonina, che viene prodotta durante il giorno. Al buio, la ghiandola pineale inizia a convertire la serotonina nell&#8217;ormone del sonno, la melatonina.<\/p>\n<p>&nbsp;<\/p>\n<p><span style=\"color: #008000;\"><strong>Quando e come viene somministrata questa compressa??<\/strong><\/span><\/p>\n<p><strong>Raccomandazioni di dosaggio:\u00a0<\/strong>porre quotidianamente 1-2 pastiglie sotto la lingua e lasciarle sciogliere. Le pastiglie si dissolvono rapidamente. Non superare la dose giornaliera raccomandata. Tenere fuori dalla portata dei bambini piccoli. Gli integratori alimentari non sostituiscono una dieta varia ed equilibrata che \u00e8 alla base di uno stile di vita sano.<\/p>\n<p>Raccomandazione di consumo solo per i consumatori in SVIZZERA: 1 compressa sublinguale al giorno (secondo la legislazione alimentare svizzera).<\/p>\n<p>&nbsp;<\/p>\n<p><span style=\"color: #008000;\"><strong>Composizione<\/strong><\/span><\/p>\n<table border=\"1\" width=\"50%\">\n<tbody>\n<tr>\n<td><\/td>\n<td>per 1 pastiglia<\/td>\n<td>per 2 pastiglie<\/td>\n<\/tr>\n<tr>\n<td>Estratto di melissa<\/td>\n<td>100 mg<\/td>\n<td>200 mg<\/td>\n<\/tr>\n<tr>\n<td>Estratto di radice di valeriana<\/td>\n<td>100 mg<\/td>\n<td>200 mg<\/td>\n<\/tr>\n<tr>\n<td>Estratto di passiflora<\/td>\n<td>100 mg<\/td>\n<td>200 mg<\/td>\n<\/tr>\n<tr>\n<td>Estratto di lupolo<\/td>\n<td>100 mg<\/td>\n<td>200 mg<\/td>\n<\/tr>\n<tr>\n<td>NADH coenzima 1<\/td>\n<td>10 mg<\/td>\n<td>20 mg<\/td>\n<\/tr>\n<tr>\n<td>Melatonina<\/td>\n<td>2 mg<\/td>\n<td>4 mg<\/td>\n<\/tr>\n<\/tbody>\n<\/table>\n<p>&nbsp;<\/p>\n<p><strong>Ingredienti<\/strong>:<br \/>\nEdulcorante: isomalto, estratto di valeriana, estratto di melissa, estratto di passiflora, estratto di luppolo, NADH in polvere, melatonina, antiagglomerante: amido, correttore di acidit\u00e0: carbonato acido di sodio. Aroma di frutta, senza zucchero.<\/p>\n<p>100% vegetariano, adatto ai diabetici.<\/p>\n<p><strong>Nota per diabetici: <\/strong>1 pastiglia contiene 0,01 BE<\/p>\n<p><strong>Avviso importante:<\/strong><\/p>\n<p>Se ancora non senti alcun effetto da un prodotto NADH dopo averlo preso per due mesi, non dovresti dubitare della materia prima NADH &#8211; ma riconsiderare la fonte di approvvigionamento. Vi diciamo il perch\u00e9:<\/p>\n<ul>\n<li>Il NADH ha una durata di conservazione di 24 mesi &#8211; il NADH scaduto \u00e8 inefficace.<br \/>\nFate attenzione ai prodotti in cui il numero di lotto e la data di scadenza sono incollati sulla scatola pieghevole.<br \/>\nConfrontare il numero di lotto sul blister con quello sulla confezione &#8211; deve essere lo stesso.<\/li>\n<li>I prodotti NADH (capsule, compresse) che non sono confezionati in blister ma in contenitori sciolti sono inefficaci. Dopo che la confezione \u00e8 stata aperta pi\u00f9 volte, l&#8217;umidit\u00e0 dell&#8217;aria distrugge gradualmente la materia prima NADH. Solo l&#8217;imballaggio in blister offre protezione.<\/li>\n<\/ul>\n<p>[\/vc_column_text][vc_row_inner][vc_column_inner width=&#8221;1\/3&#8243;][vc_column_text]<u>Publikation \u00a9 Copyright:<br \/>\n<\/u>GNP GLOBAL NATURE PRODUCTS<br \/>\nASSOCIATION INC.<br \/>\nOREGON\/USA[\/vc_column_text][\/vc_column_inner][vc_column_inner width=&#8221;2\/3&#8243;][vc_single_image image=&#8221;6657&#8243; img_size=&#8221;medium&#8221;][\/vc_column_inner][\/vc_row_inner][\/vc_column][vc_column width=&#8221;1\/4&#8243;][\/vc_column][\/vc_row]<\/p>\n<\/section>","protected":false},"excerpt":{"rendered":"<p>[vc_row el_id=&#8221;L-TRYPTOPHAN&#8221; css=&#8221;.vc_custom_1638789067864{margin-bottom: 50px !important;padding-top: 100px !important;}&#8221;][vc_column width=&#8221;3\/4&#8243;][vc_column_text] NADH plus L-TRYPTOPHAN &#8211; 20 mg NADH (combinato funzionalmente) per pastiglia [\/vc_column_text][vc_separator color=&#8221;black&#8221; border_width=&#8221;2&#8243;][vc_column_text]Target Questa pastiglia \u00e8 per le persone che &#8220;non riescono a staccare&#8221;, che non riescono ad allontanare le preoccupazioni, problemi, eventi quotidiani ecc. in modo tempestivo e quindi li portano sempre con s\u00e9. Questo&hellip;<\/p>\n","protected":false},"author":1,"featured_media":0,"parent":0,"menu_order":0,"comment_status":"closed","ping_status":"closed","template":"","meta":{"footnotes":""},"class_list":["post-6522","page","type-page","status-publish","hentry","description-off"],"_links":{"self":[{"href":"https:\/\/www.wichtige-nadh.info\/it\/wp-json\/wp\/v2\/pages\/6522","targetHints":{"allow":["GET"]}}],"collection":[{"href":"https:\/\/www.wichtige-nadh.info\/it\/wp-json\/wp\/v2\/pages"}],"about":[{"href":"https:\/\/www.wichtige-nadh.info\/it\/wp-json\/wp\/v2\/types\/page"}],"author":[{"embeddable":true,"href":"https:\/\/www.wichtige-nadh.info\/it\/wp-json\/wp\/v2\/users\/1"}],"replies":[{"embeddable":true,"href":"https:\/\/www.wichtige-nadh.info\/it\/wp-json\/wp\/v2\/comments?post=6522"}],"version-history":[{"count":7,"href":"https:\/\/www.wichtige-nadh.info\/it\/wp-json\/wp\/v2\/pages\/6522\/revisions"}],"predecessor-version":[{"id":6687,"href":"https:\/\/www.wichtige-nadh.info\/it\/wp-json\/wp\/v2\/pages\/6522\/revisions\/6687"}],"wp:attachment":[{"href":"https:\/\/www.wichtige-nadh.info\/it\/wp-json\/wp\/v2\/media?parent=6522"}],"curies":[{"name":"wp","href":"https:\/\/api.w.org\/{rel}","templated":true}]}}