{"id":6527,"date":"2021-12-16T09:40:33","date_gmt":"2021-12-16T08:40:33","guid":{"rendered":"https:\/\/www.wichtige-nadh.info\/?page_id=6527"},"modified":"2022-07-28T16:23:44","modified_gmt":"2022-07-28T14:23:44","slug":"4-gruppo-potenza-libido","status":"publish","type":"page","link":"https:\/\/www.wichtige-nadh.info\/it\/4-gruppo-potenza-libido\/","title":{"rendered":"4\u00b0 gruppo &#8211; Potenza-Libido"},"content":{"rendered":"<section class=\"wpb-content-wrapper\"><p>[vc_row el_id=&#8221;L-ARGININ&#8221; css=&#8221;.vc_custom_1638790588009{margin-bottom: 50px !important;padding-top: 100px !important;}&#8221;][vc_column width=&#8221;3\/4&#8243;][vc_column_text]<\/p>\n<h4><strong>NADH plus L-ARGININ &#8211; 20 mg NADH <b>(combinato funzionalmente)<\/b> per pastiglia<br \/>\n<\/strong><\/h4>\n<p>[\/vc_column_text][vc_separator color=&#8221;black&#8221; border_width=&#8221;2&#8243;][vc_column_text]<span style=\"color: #008000;\"><strong>Target<\/strong><\/span><\/p>\n<p>Stiamo parlando di una migliore circolazione del sangue. Uno stile di vita malsano, una cattiva alimentazione, troppo poco esercizio fisico, ecc. sono fattori scatenanti di una cattiva circolazione del sangue. Molte persone oltre i 40 anni ne sono colpite.<\/p>\n<p>Le cause pi\u00f9 comuni sono il restringimento o l&#8217;occlusione delle arterie &#8211; causato dall&#8217;indurimento delle arterie (arteriosclerosi) -, le occlusioni vascolari (embolie) o la formazione di coaguli di sangue all&#8217;interno dell&#8217;arteria (trombosi).<\/p>\n<p>La potenza pu\u00f2 anche iniziare a indebolirsi e persino portare all&#8217;impotenza. L&#8217;energizzazione naturale della libido negli uomini e nelle donne \u00e8 possibile anche in modo delicato senza effetti collaterali &#8211; anche senza la &#8220;super pillola blu&#8221; che conoscete!<\/p>\n<p>&nbsp;<\/p>\n<p><span style=\"color: #008000;\"><strong>Raccomandato per:<\/strong><\/span><\/p>\n<ul>\n<li>Disturbi circolatori<\/li>\n<li>Alta pressione sanguigna<\/li>\n<li>Trombosi<\/li>\n<li>Aumento della pressione oculare<\/li>\n<li>Debolezza di potenza<\/li>\n<li>Listlessness<\/li>\n<li>Jet lag<\/li>\n<\/ul>\n<p><span style=\"color: #008000;\"><strong>L-Arginina<\/strong><\/span><\/p>\n<ul>\n<li>Un aminoacido essenziale, dilata delicatamente i vasi sanguigni. Questo migliora l&#8217;apporto di sangue agli organi, li rilassa e li rende pi\u00f9 efficienti. La dose giornaliera ufficialmente consentita \u00e8 di 400 mg di L-arginina). L&#8217;assunzione in combinazione con il NADH per un periodo di tempo pi\u00f9 lungo, ogni giorno per 6 mesi, porta al risultato desiderato.<\/li>\n<li>Gli oftalmologi hanno scoperto che a causa di una migliore circolazione del sangue attraverso la L-arginina in combinazione con il coenzima 1 NADH, la retina \u00e8 meglio fornita di sangue e quindi la pressione dell&#8217;occhio si abbassa. Questo protegge anche il nervo ottico.<\/li>\n<\/ul>\n<p><span style=\"color: #008000;\"><strong>NADH<\/strong><\/span><\/p>\n<p>Functionally Combined fornisce una stimolazione metabolica e rafforza il sistema immunitario. In combinazione con la L-arginina, \u00e8 particolarmente raccomandato per lunghi periodi in piedi, lunghi viaggi in auto, lunghi voli &#8211; ovunque il rischio di trombosi sia alto. Il NADH ha anche un effetto sensazionale, usato preventivamente, contro il jet lag.<\/p>\n<p><strong>\u00a0<\/strong><\/p>\n<p><span style=\"color: #008000;\"><strong>Quando e come viene somministrata questa pastiglia?<\/strong><\/span><\/p>\n<p><strong>Raccomandazione di dosaggio:<\/strong> <strong>\u00a0<\/strong>1-2 pastiglie sublinguali sotto la lingua ogni giorno lasciandole sciogliere. Le pastiglie sublinguali (pastiglie) si dissolvono rapidamente. Non superare la dose giornaliera raccomandata. Tenere fuori dalla portata dei bambini piccoli. Gli integratori alimentari non sostituiscono una dieta varia ed equilibrata che \u00e8 alla base di uno stile di vita sano.<\/p>\n<p>Raccomandazione di consumo solo per i consumatori in SVIZZERA: 1 compressa sublinguale al giorno (secondo la legislazione alimentare svizzera).<\/p>\n<p><strong>\u00a0<\/strong><\/p>\n<p><span style=\"color: #008000;\"><strong>Composizione<\/strong><\/span><\/p>\n<table border=\"1\" width=\"50%\">\n<tbody>\n<tr>\n<td><\/td>\n<td>per 1 pastiglia<\/td>\n<td>per 2 pastiglie<\/td>\n<\/tr>\n<tr>\n<td>L-Arginina<\/td>\n<td>200 mg<\/td>\n<td>400 mg<\/td>\n<\/tr>\n<tr>\n<td>NADH Coenzima 1<\/td>\n<td>20 mg<\/td>\n<td>40 mg<\/td>\n<\/tr>\n<\/tbody>\n<\/table>\n<p><strong>\u00a0<\/strong><\/p>\n<p><strong>Ingredienti<\/strong>:<\/p>\n<p>Dolcificante: isomalto<br \/>\nNADH in polvere, L-Arginin<br \/>\nAntiagglomerante: amido.<br \/>\nRegolatore di acidit\u00e0: bicarbonato\u00a0di sodio.<br \/>\nAroma di frutta. Senza zucchero.<\/p>\n<p><strong>Non contiene:<\/strong>\u00a0zucchero, caffeina, lievito, prodotti caseari, conservanti.<\/p>\n<p>100% vegetariano, adatto ai diabetici.<\/p>\n<p><strong>Avviso importante:<\/strong><\/p>\n<p>Se ancora non senti alcun effetto da un prodotto NADH dopo averlo preso per due mesi, non dovresti dubitare della materia prima NADH &#8211; ma riconsiderare la fonte di approvvigionamento. Vi diciamo il perch\u00e9:<\/p>\n<ul>\n<li>Il NADH ha una durata di conservazione di 24 mesi &#8211; il NADH scaduto \u00e8 inefficace.<br \/>\nFate attenzione ai prodotti in cui il numero di lotto e la data di scadenza sono incollati sulla scatola pieghevole.<br \/>\nConfrontare il numero di lotto sul blister con quello sulla confezione &#8211; deve essere lo stesso.<\/li>\n<li>I prodotti NADH (capsule, compresse) che non sono confezionati in blister ma in contenitori sciolti sono inefficaci. Dopo che la confezione \u00e8 stata aperta pi\u00f9 volte, l&#8217;umidit\u00e0 dell&#8217;aria distrugge gradualmente la materia prima NADH. Solo l&#8217;imballaggio in blister offre protezione.<\/li>\n<\/ul>\n<p>&nbsp;<\/p>\n<p>[\/vc_column_text][vc_row_inner][vc_column_inner width=&#8221;1\/3&#8243;][vc_column_text]<u>Publikation \u00a9 Copyright:<br \/>\n<\/u>GNP GLOBAL NATURE PRODUCTS<br \/>\nASSOCIATION INC.<br \/>\nOREGON\/USA[\/vc_column_text][\/vc_column_inner][vc_column_inner width=&#8221;2\/3&#8243;][vc_single_image image=&#8221;6317&#8243; img_size=&#8221;medium&#8221;][\/vc_column_inner][\/vc_row_inner][\/vc_column][vc_column width=&#8221;1\/4&#8243;][\/vc_column][\/vc_row][vc_row el_id=&#8221;plusMACA&#8221; css=&#8221;.vc_custom_1659017089654{margin-bottom: 50px !important;padding-top: 100px !important;}&#8221;][vc_column width=&#8221;3\/4&#8243;][vc_column_text]<\/p>\n<h4><strong>NADH plus MACA &#8211; 10 mg NADH <b>(combinato funzionalmente)<\/b> per compressa<br \/>\n<\/strong><\/h4>\n<p>[\/vc_column_text][vc_separator color=&#8221;black&#8221; border_width=&#8221;2&#8243;][vc_column_text]La MACA \u00e8 probabilmente la pianta (tubero) pi\u00f9 ricca di vitamine al mondo. Il solo fatto che cresca e prosperi sulle Ande peruviane, a un&#8217;altitudine di 4000 metri, la dice lunga.<\/p>\n<p>\u00c8 sinonimo di energia vitale, \u00e8 considerata una fonte di forza, \u00e8 un enorme stimolatore del metabolismo e rafforza il sistema immunitario.<\/p>\n<p>Un punto essenziale \u00e8 l&#8217;energizzazione della libido negli uomini e nelle donne. Con il MACA \u00e8 possibile riportare alla normalit\u00e0 la libido di uomini e donne. Il &#8220;voglio&#8221; e il &#8220;posso&#8221; riprendono slancio.<\/p>\n<p>Fertilit\u00e0: esistono protocolli medici che dimostrano che, in un periodo di tempo pi\u00f9 lungo, la qualit\u00e0 dello sperma maschile pu\u00f2 essere migliorata con la MACA, in modo tale da soddisfare il desiderio di un figlio a lungo atteso.<\/p>\n<p><span style=\"color: #008000;\"><strong>MACA:<\/strong><\/span><\/p>\n<p>Questo tubero radice unico contiene numerose vitamine, minerali e oligoelementi. Contiene inoltre tutti gli aminoacidi tranne il L-triptofano. Gi\u00e0 gli Inca usavano questo tubero come rimedio speciale.<\/p>\n<p>&nbsp;<\/p>\n<p><strong>\u00a0<\/strong><\/p>\n<p><span style=\"color: #008000;\"><strong>Quando e come viene somministrata questa compressa?<\/strong><\/span><\/p>\n<p><strong>Raccomandazione di dosaggio:<\/strong> 1-5 compresse al giorno al mattino con 1 bicchiere d&#8217;acqua. Non superare la dose giornaliera raccomandata. Tenere fuori dalla portata dei bambini. Gli integratori alimentari non sostituiscono una dieta varia ed equilibrata.<\/p>\n<p><strong>\u00a0<\/strong><\/p>\n<p><span style=\"color: #008000;\"><strong>Composizione<\/strong><\/span><\/p>\n<table border=\"1\" width=\"50%\">\n<tbody>\n<tr>\n<td><\/td>\n<td>per 1 compressa<\/td>\n<td>per 2 compresse<\/td>\n<td>per 3 compresse<\/td>\n<td>per 4 compresse<\/td>\n<td>per 5 compresse<\/td>\n<\/tr>\n<tr>\n<td>Organic Maca Pulver<\/td>\n<td>500 mg<\/td>\n<td>1000 mg<\/td>\n<td>1500 mg<\/td>\n<td>2000 mg<\/td>\n<td>2500 mg<\/td>\n<\/tr>\n<tr>\n<td>NADH Coenzym 1<\/td>\n<td>10 mg<\/td>\n<td>20 mg<\/td>\n<td>30 mg<\/td>\n<td>40 mg<\/td>\n<td>50 mg<\/td>\n<\/tr>\n<\/tbody>\n<\/table>\n<p><strong>\u00a0<\/strong><\/p>\n<p><strong>Ingredienti<\/strong>: edulcorante: isomalto, maca in polvere, NADH in polvere, antiagglomerante: amido, agente di carica: cellulosa microcristallina, carbonato acido di sodio, agente di rivestimento: gommalacca (PCMT\u00ae). Senza zucchero.<\/p>\n<p><strong>Non contiene: <\/strong>zucchero, caffeina, lievito, latticini, conservanti.<\/p>\n<p>100 % vegetariano, adatto ai diabetici.<\/p>\n<p><strong>Nota per i diabetici:<\/strong> 1 compressa contiene 0,01 BE. Adatto ai diabetici.<\/p>\n<p>&nbsp;<\/p>\n<p><strong>Avviso importante:<\/strong><\/p>\n<p>Se ancora non senti alcun effetto da un prodotto NADH dopo averlo preso per due mesi, non dovresti dubitare della materia prima NADH &#8211; ma riconsiderare la fonte di approvvigionamento. Vi diciamo il perch\u00e9:<\/p>\n<ul>\n<li>Il NADH ha una durata di conservazione di 24 mesi &#8211; il NADH scaduto \u00e8 inefficace.<br \/>\nFate attenzione ai prodotti in cui il numero di lotto e la data di scadenza sono incollati sulla scatola pieghevole.<br \/>\nConfrontare il numero di lotto sul blister con quello sulla confezione &#8211; deve essere lo stesso.<\/li>\n<li>I prodotti NADH (capsule, compresse) che non sono confezionati in blister ma in contenitori sciolti sono inefficaci. Dopo che la confezione \u00e8 stata aperta pi\u00f9 volte, l&#8217;umidit\u00e0 dell&#8217;aria distrugge gradualmente la materia prima NADH. Solo l&#8217;imballaggio in blister offre protezione.<\/li>\n<\/ul>\n<p>[\/vc_column_text][vc_row_inner][vc_column_inner width=&#8221;1\/3&#8243;][vc_column_text]<u>Publikation \u00a9 Copyright:<br \/>\n<\/u>GNP GLOBAL NATURE PRODUCTS<br \/>\nASSOCIATION INC.<br \/>\nOREGON\/USA[\/vc_column_text][\/vc_column_inner][vc_column_inner width=&#8221;2\/3&#8243;][vc_single_image image=&#8221;6663&#8243; img_size=&#8221;medium&#8221;][\/vc_column_inner][\/vc_row_inner][\/vc_column][vc_column width=&#8221;1\/4&#8243;][\/vc_column][\/vc_row]<\/p>\n<\/section>","protected":false},"excerpt":{"rendered":"<p>[vc_row el_id=&#8221;L-ARGININ&#8221; css=&#8221;.vc_custom_1638790588009{margin-bottom: 50px !important;padding-top: 100px !important;}&#8221;][vc_column width=&#8221;3\/4&#8243;][vc_column_text] NADH plus L-ARGININ &#8211; 20 mg NADH (combinato funzionalmente) per pastiglia [\/vc_column_text][vc_separator color=&#8221;black&#8221; border_width=&#8221;2&#8243;][vc_column_text]Target Stiamo parlando di una migliore circolazione del sangue. Uno stile di vita malsano, una cattiva alimentazione, troppo poco esercizio fisico, ecc. sono fattori scatenanti di una cattiva circolazione del sangue. Molte persone oltre&hellip;<\/p>\n","protected":false},"author":1,"featured_media":0,"parent":0,"menu_order":0,"comment_status":"closed","ping_status":"closed","template":"","meta":{"footnotes":""},"class_list":["post-6527","page","type-page","status-publish","hentry","description-off"],"_links":{"self":[{"href":"https:\/\/www.wichtige-nadh.info\/it\/wp-json\/wp\/v2\/pages\/6527","targetHints":{"allow":["GET"]}}],"collection":[{"href":"https:\/\/www.wichtige-nadh.info\/it\/wp-json\/wp\/v2\/pages"}],"about":[{"href":"https:\/\/www.wichtige-nadh.info\/it\/wp-json\/wp\/v2\/types\/page"}],"author":[{"embeddable":true,"href":"https:\/\/www.wichtige-nadh.info\/it\/wp-json\/wp\/v2\/users\/1"}],"replies":[{"embeddable":true,"href":"https:\/\/www.wichtige-nadh.info\/it\/wp-json\/wp\/v2\/comments?post=6527"}],"version-history":[{"count":8,"href":"https:\/\/www.wichtige-nadh.info\/it\/wp-json\/wp\/v2\/pages\/6527\/revisions"}],"predecessor-version":[{"id":6680,"href":"https:\/\/www.wichtige-nadh.info\/it\/wp-json\/wp\/v2\/pages\/6527\/revisions\/6680"}],"wp:attachment":[{"href":"https:\/\/www.wichtige-nadh.info\/it\/wp-json\/wp\/v2\/media?parent=6527"}],"curies":[{"name":"wp","href":"https:\/\/api.w.org\/{rel}","templated":true}]}}