{"id":6531,"date":"2021-12-16T10:29:23","date_gmt":"2021-12-16T09:29:23","guid":{"rendered":"https:\/\/www.wichtige-nadh.info\/?page_id=6531"},"modified":"2021-12-16T10:29:45","modified_gmt":"2021-12-16T09:29:45","slug":"5-gruppoprodotti-disintossicazione","status":"publish","type":"page","link":"https:\/\/www.wichtige-nadh.info\/it\/5-gruppoprodotti-disintossicazione\/","title":{"rendered":"5\u00b0 gruppo &#8211; Disintossicazione"},"content":{"rendered":"<section class=\"wpb-content-wrapper\"><p>[vc_row el_id=&#8221;CHLORELLA&#8221; css=&#8221;.vc_custom_1638790757427{margin-bottom: 50px !important;padding-top: 100px !important;}&#8221;][vc_column width=&#8221;3\/4&#8243;][vc_column_text]<\/p>\n<h4><strong>NADH plus CHLORELLA &#8211; <\/strong><strong>20 mg NADH <b>(combinato funzionalmente)<\/b> per pastiglia<br \/>\n<\/strong><\/h4>\n<p>[\/vc_column_text][vc_separator color=&#8221;black&#8221; border_width=&#8221;2&#8243;][vc_column_text]<span style=\"color: #008000;\"><strong>Target<\/strong><\/span><\/p>\n<p>Tutti noi dovremmo, almeno una volta al trimestre, liberare gli organi del corpo, specialmente il fegato, dalle tossine che assorbiamo quotidianamente dall&#8217;ambiente.<\/p>\n<p>L&#8217;eliminazione degli <em>inquinanti<\/em> \u00e8 la parola giusta!<\/p>\n<p>&nbsp;<\/p>\n<p><span style=\"color: #008000;\"><strong>Raccomandato per:<\/strong><\/span><\/p>\n<ul>\n<li>Iperacidit\u00e0<\/li>\n<li>Problemi digestivi<\/li>\n<li>Impurit\u00e0 della pelle<\/li>\n<\/ul>\n<p><span style=\"color: #008000;\"><strong>CHLORELLA<\/strong><\/span><\/p>\n<p>Una dieta non equilibrata, la mancanza di esercizio fisico, un eccesso di &#8220;dolce vita&#8221;, portano a depositi di sostanze nocive nel corpo.<\/p>\n<p>L&#8217;alga clorella ha un effetto molto positivo sul nostro corpo. Per secoli, la clorella \u00e8 stata usata per la disintossicazione e la rimozione dei metalli pesanti. Secondo gli ultimi studi, la clorella rallenta anche il processo di invecchiamento.<\/p>\n<p>L&#8217;alga verde d&#8217;acqua dolce ha un effetto particolarmente positivo sulla pelle, perch\u00e9 aiuta a ricostituire i nostri depositi di vitamina A, vitamina C e glutatione ecc. depositi per essere riforniti. Questo elimina i radicali liberi e protegge le nostre cellule. La pelle rimane giovane e soda.<\/p>\n<p>La clorella promuove attivamente la rimozione delle tossine e rafforza cos\u00ec il nostro sistema immunitario.<\/p>\n<p>&nbsp;<\/p>\n<p><span style=\"color: #008000;\"><strong>NADH<\/strong><\/span><\/p>\n<p>Rafforza contemporaneamente il sistema immunitario e, come potente antiossidante, offre una protezione efficace contro i radicali liberi. Essendo l&#8217;apporto di energia cellulare pi\u00f9 naturale che conosciamo, mantiene l&#8217;importantissimo equilibrio energetico del corpo.<\/p>\n<p><strong>\u00a0<\/strong><\/p>\n<p><span style=\"color: #008000;\"><strong>Quando e come viene somministrata questa pastiglia?<\/strong><\/span><\/p>\n<p><strong>Raccomandazioni di dosaggio:<\/strong> 1-2 pastiglie sublinguali sotto la lingua ogni giorno lasciandole sciogliere. Le pastiglie sublinguali (si dissolvono rapidamente. Non superare la dose giornaliera raccomandata. Tenere fuori dalla portata dei bambini piccoli. Gli integratori alimentari non sostituiscono una dieta varia ed equilibrata che \u00e8 alla base di uno stile di vita sano.<\/p>\n<p>&nbsp;<\/p>\n<p>Raccomandazione di consumo solo per i consumatori in SVIZZERA: 1 pastiglia sublinguale al giorno (secondo la legislazione alimentare svizzera).<\/p>\n<p><span style=\"color: #008000;\"><strong>\u00a0<\/strong><\/span><\/p>\n<p><span style=\"color: #008000;\"><strong>Composizione<\/strong><\/span><\/p>\n<table border=\"1\" width=\"50%\">\n<tbody>\n<tr>\n<td><\/td>\n<td>per 1 pastiglia<\/td>\n<td>per 2 pastiglie<\/td>\n<\/tr>\n<tr>\n<td>Alga CHLORELLA<\/td>\n<td>200 mg<\/td>\n<td>400 mg<\/td>\n<\/tr>\n<tr>\n<td>NADH Coenzima 1<\/td>\n<td>20 mg<\/td>\n<td>40 mg<\/td>\n<\/tr>\n<\/tbody>\n<\/table>\n<p>&nbsp;<\/p>\n<p><strong>Ingredienti<\/strong>:<br \/>\nDolcificante: isomalto, glicoside steviolico (Stevia).<br \/>\nAlga chlorella in polvere, NADH in polvere.<br \/>\nAntiagglomerante: amido.<br \/>\nRegolatore di acidit\u00e0: bicarbonato di sodio.<br \/>\nAroma di frutta. Senza zucchero.<\/p>\n<p><strong>Non contiene:<\/strong>\u00a0zucchero, caffeina, lievito, prodotti caseari, conservanti.<br \/>\n100% vegetariano, adatto ai diabetici.<\/p>\n<p>&nbsp;<\/p>\n<p><span style=\"color: #008000;\"><strong>Materia prima\/ingredienti attivi<\/strong><\/span><\/p>\n<p>1. NADH Nicotinamide Adenina Dinucleotide Idruro (coenzima 1)<br \/>\n2. CHLORELLA-CHLOROPHYLL (microalga d&#8217;acqua dolce)<\/p>\n<p>&nbsp;<\/p>\n<p><strong>Avviso importante:<\/strong><\/p>\n<p>Se ancora non senti alcun effetto da un prodotto NADH dopo averlo preso per due mesi, non dovresti dubitare della materia prima NADH &#8211; ma riconsiderare la fonte di approvvigionamento. Vi diciamo il perch\u00e9:<\/p>\n<ul>\n<li>Il NADH ha una durata di conservazione di 24 mesi &#8211; il NADH scaduto \u00e8 inefficace.<br \/>\nFate attenzione ai prodotti in cui il numero di lotto e la data di scadenza sono incollati sulla scatola pieghevole.<br \/>\nConfrontare il numero di lotto sul blister con quello sulla confezione &#8211; deve essere lo stesso.<\/li>\n<li>I prodotti NADH (capsule, compresse) che non sono confezionati in blister ma in contenitori sciolti sono inefficaci. Dopo che la confezione \u00e8 stata aperta pi\u00f9 volte, l&#8217;umidit\u00e0 dell&#8217;aria distrugge gradualmente la materia prima NADH. Solo l&#8217;imballaggio in blister offre protezione.<\/li>\n<\/ul>\n<p>&nbsp;<\/p>\n<p>[\/vc_column_text][vc_row_inner][vc_column_inner width=&#8221;1\/3&#8243;][vc_column_text]<u>Publikation \u00a9 Copyright:<br \/>\n<\/u>GNP GLOBAL NATURE PRODUCTS<br \/>\nASSOCIATION INC.<br \/>\nOREGON\/USA[\/vc_column_text][\/vc_column_inner][vc_column_inner width=&#8221;2\/3&#8243;][vc_single_image image=&#8221;6345&#8243; img_size=&#8221;medium&#8221;][\/vc_column_inner][\/vc_row_inner][\/vc_column][vc_column width=&#8221;1\/4&#8243;][\/vc_column][\/vc_row]<\/p>\n<\/section>","protected":false},"excerpt":{"rendered":"<p>[vc_row el_id=&#8221;CHLORELLA&#8221; css=&#8221;.vc_custom_1638790757427{margin-bottom: 50px !important;padding-top: 100px !important;}&#8221;][vc_column width=&#8221;3\/4&#8243;][vc_column_text] NADH plus CHLORELLA &#8211; 20 mg NADH (combinato funzionalmente) per pastiglia [\/vc_column_text][vc_separator color=&#8221;black&#8221; border_width=&#8221;2&#8243;][vc_column_text]Target Tutti noi dovremmo, almeno una volta al trimestre, liberare gli organi del corpo, specialmente il fegato, dalle tossine che assorbiamo quotidianamente dall&#8217;ambiente. L&#8217;eliminazione degli inquinanti \u00e8 la parola giusta! &nbsp; Raccomandato per: Iperacidit\u00e0&hellip;<\/p>\n","protected":false},"author":1,"featured_media":0,"parent":0,"menu_order":0,"comment_status":"closed","ping_status":"closed","template":"","meta":{"footnotes":""},"class_list":["post-6531","page","type-page","status-publish","hentry","description-off"],"_links":{"self":[{"href":"https:\/\/www.wichtige-nadh.info\/it\/wp-json\/wp\/v2\/pages\/6531","targetHints":{"allow":["GET"]}}],"collection":[{"href":"https:\/\/www.wichtige-nadh.info\/it\/wp-json\/wp\/v2\/pages"}],"about":[{"href":"https:\/\/www.wichtige-nadh.info\/it\/wp-json\/wp\/v2\/types\/page"}],"author":[{"embeddable":true,"href":"https:\/\/www.wichtige-nadh.info\/it\/wp-json\/wp\/v2\/users\/1"}],"replies":[{"embeddable":true,"href":"https:\/\/www.wichtige-nadh.info\/it\/wp-json\/wp\/v2\/comments?post=6531"}],"version-history":[{"count":3,"href":"https:\/\/www.wichtige-nadh.info\/it\/wp-json\/wp\/v2\/pages\/6531\/revisions"}],"predecessor-version":[{"id":6534,"href":"https:\/\/www.wichtige-nadh.info\/it\/wp-json\/wp\/v2\/pages\/6531\/revisions\/6534"}],"wp:attachment":[{"href":"https:\/\/www.wichtige-nadh.info\/it\/wp-json\/wp\/v2\/media?parent=6531"}],"curies":[{"name":"wp","href":"https:\/\/api.w.org\/{rel}","templated":true}]}}