{"id":6535,"date":"2021-12-16T10:36:44","date_gmt":"2021-12-16T09:36:44","guid":{"rendered":"https:\/\/www.wichtige-nadh.info\/?page_id=6535"},"modified":"2021-12-16T10:36:44","modified_gmt":"2021-12-16T09:36:44","slug":"6-gruppoprodotti-sport-prestazione","status":"publish","type":"page","link":"https:\/\/www.wichtige-nadh.info\/it\/6-gruppoprodotti-sport-prestazione\/","title":{"rendered":"6\u00b0 gruppo &#8211; Sport \/ Prestazione"},"content":{"rendered":"<section class=\"wpb-content-wrapper\"><p>[vc_row el_id=&#8221;BCAA&#8221; css=&#8221;.vc_custom_1638790990148{margin-bottom: 50px !important;padding-top: 100px !important;}&#8221;][vc_column width=&#8221;3\/4&#8243;][vc_column_text]<\/p>\n<h4><strong>NADH plus BCAA amino mix &#8211; <\/strong><strong>20 mg NADH (combinato funzionalmente) per pastiglia<br \/>\n<\/strong><\/h4>\n<p>[\/vc_column_text][vc_separator color=&#8221;black&#8221; border_width=&#8221;2&#8243;][vc_column_text]<span style=\"color: #008000;\"><strong>Target<\/strong><\/span><\/p>\n<p>Sportivi dilettanti, sportivi amatoriali, sportivi competitivi, atleti &#8211; in sintesi, tutte le persone che esercitano attivamente e amano lo sport.<\/p>\n<p><strong>\u00a0<\/strong><\/p>\n<p><span style=\"color: #008000;\"><strong>Raccomandato per:<\/strong><\/span><\/p>\n<ul>\n<li>Costruzione di muscoli e allo stesso tempo<\/li>\n<li>perdita di grasso<\/li>\n<\/ul>\n<p><strong><span style=\"color: #008000;\">BCAA (aminoacidi a catena ramificata)<\/span> <\/strong><\/p>\n<p>Sono aminoacidi a catena ramificata. Sono costituiti dagli aminoacidi essenziali leucina, isoleucina e valina. \u00c8 questa combinazione che li rende particolarmente preziosi per il corpo. Mentre gli altri aminoacidi vengono assorbiti attraverso l&#8217;intestino tenue e vengono prima utilizzati nel fegato, i BCAA raggiungono i muscoli direttamente attraverso l&#8217;intestino.<\/p>\n<p>I BCAA (aminoacidi a catena ramificata) sono considerati come donatori di energia unici e sono utilizzati principalmente nel campo degli sport di forza e di resistenza, ma anche come supporto durante le diete, ma anche per una convalescenza pi\u00f9 rapida. Serve come una preziosa fonte di energia e previene la rottura delle proteine nei muscoli. La leucina in particolare \u00e8 di grande importanza per il corpo.<\/p>\n<p>I BCAA sono specificamente destinati a ridurre il grasso durante l&#8217;allenamento per la costruzione dei muscoli e allo stesso tempo ad aumentare la costruzione della massa muscolare. Nel campo degli sport competitivi, si raccomanda un&#8217;assunzione supplementare di BCAA, soprattutto durante l&#8217;aumento dell&#8217;allenamento. Soprattutto gli atleti che fanno attenzione a una dieta a basso contenuto di carboidrati beneficiano dei BCAA (aminoacidi a catena ramificata). Pertanto, dovrebbero prestare attenzione a una maggiore assunzione di BCAA in situazioni di stress, nonch\u00e9 prima e durante l&#8217;allenamento.<\/p>\n<p>&nbsp;<\/p>\n<p><strong><span style=\"color: #008000;\">Qual \u00e8 l&#8217;importanza del coenzima NADH 1?<\/span> <\/strong><\/p>\n<p>Una enorme importanza, perch\u00e9 il coenzima 1 del NADH come stimolatore metabolico attivo assicura che l&#8217;energia che si perde inevitabilmente durante la fase di allenamento per la costruzione dei muscoli e la simultanea perdita di grasso sia rapidamente recuperata. In parole povere: l&#8217;equilibrio energetico cos\u00ec importante nel corpo viene ripristinato.<\/p>\n<p>&nbsp;<\/p>\n<p><span style=\"color: #008000;\"><strong>Quando e come viene somministrata questa pastiglia?<\/strong><\/span><\/p>\n<p><strong>Raccomandazione di dosaggio:<\/strong>\u00a01-2 pastiglie sublinguali sotto la lingua ogni giorno e lasciarle sciogliere. Le pastiglie sublinguali si dissolvono rapidamente. Non superare la dose giornaliera raccomandata. Tenere fuori dalla portata dei bambini piccoli. Gli integratori alimentari non sostituiscono una dieta varia ed equilibrata che \u00e8 alla base di uno stile di vita sano.<\/p>\n<p>&nbsp;<\/p>\n<p>Raccomandazione di consumo solo per i consumatori in SVIZZERA: 1 compressa sublinguale al giorno (secondo la legislazione alimentare svizzera).<\/p>\n<p><strong>\u00a0<\/strong><\/p>\n<p><span style=\"color: #008000;\"><strong>Wertbestimmende Inhaltsstoffe<\/strong><\/span><\/p>\n<table border=\"1\" width=\"50%\">\n<tbody>\n<tr>\n<td><\/td>\n<td>per 1 pastiglia<\/td>\n<td>per 2 pastiglie<\/td>\n<\/tr>\n<tr>\n<td>Leucina<\/td>\n<td>200 mg<\/td>\n<td>400 mg<\/td>\n<\/tr>\n<tr>\n<td>Isoleucina<\/td>\n<td>100 mg<\/td>\n<td>200 mg<\/td>\n<\/tr>\n<tr>\n<td>Valina<\/td>\n<td>100 mg<\/td>\n<td>200 mg<\/td>\n<\/tr>\n<tr>\n<td>D-Ribosio<\/td>\n<td>50 mg<\/td>\n<td>100 mg<\/td>\n<\/tr>\n<tr>\n<td>NADH<\/td>\n<td>20 mg<\/td>\n<td>40 mg<\/td>\n<\/tr>\n<\/tbody>\n<\/table>\n<p>&nbsp;<\/p>\n<p><strong>Ingredienti:<br \/>\n<\/strong>Dolcificante: isomalto.<br \/>\nLeucina, isoleucina, valina, D-Ribosio, NADH in polvere.<br \/>\nAntiagglomerante: amido.<br \/>\nRegolatore di acidit\u00e0: bicarbonato\u00a0di sodio.<br \/>\nAroma di frutta. Senza zucchero.<\/p>\n<p><strong>Non contiene:<\/strong>\u00a0zucchero, caffeina, lievito, prodotti caseari, conservanti.<\/p>\n<p>100% vegetariano, adatto ai diabetici.<\/p>\n<p><strong>Avviso importante:<\/strong><\/p>\n<p>Se ancora non senti alcun effetto da un prodotto NADH dopo averlo preso per due mesi, non dovresti dubitare della materia prima NADH &#8211; ma riconsiderare la fonte di approvvigionamento. Vi diciamo il perch\u00e9:<\/p>\n<ul>\n<li>Il NADH ha una durata di conservazione di 24 mesi &#8211; il NADH scaduto \u00e8 inefficace.<br \/>\nFate attenzione ai prodotti in cui il numero di lotto e la data di scadenza sono incollati sulla scatola pieghevole.<br \/>\nConfrontare il numero di lotto sul blister con quello sulla confezione &#8211; deve essere lo stesso.<\/li>\n<li>I prodotti NADH (capsule, compresse) che non sono confezionati in blister ma in contenitori sciolti sono inefficaci. Dopo che la confezione \u00e8 stata aperta pi\u00f9 volte, l&#8217;umidit\u00e0 dell&#8217;aria distrugge gradualmente la materia prima NADH. Solo l&#8217;imballaggio in blister offre protezione.<\/li>\n<\/ul>\n<p>&nbsp;<\/p>\n<p>&nbsp;<\/p>\n<p>[\/vc_column_text][vc_row_inner][vc_column_inner width=&#8221;1\/3&#8243;][vc_column_text]<u>Publikation \u00a9 Copyright:<br \/>\n<\/u>GNP GLOBAL NATURE PRODUCTS<br \/>\nASSOCIATION INC.<br \/>\nOREGON\/USA[\/vc_column_text][\/vc_column_inner][vc_column_inner width=&#8221;2\/3&#8243;][vc_single_image image=&#8221;6328&#8243; img_size=&#8221;medium&#8221;][\/vc_column_inner][\/vc_row_inner][\/vc_column][vc_column width=&#8221;1\/4&#8243;][\/vc_column][\/vc_row]<\/p>\n<\/section>","protected":false},"excerpt":{"rendered":"<p>[vc_row el_id=&#8221;BCAA&#8221; css=&#8221;.vc_custom_1638790990148{margin-bottom: 50px !important;padding-top: 100px !important;}&#8221;][vc_column width=&#8221;3\/4&#8243;][vc_column_text] NADH plus BCAA amino mix &#8211; 20 mg NADH (combinato funzionalmente) per pastiglia [\/vc_column_text][vc_separator color=&#8221;black&#8221; border_width=&#8221;2&#8243;][vc_column_text]Target Sportivi dilettanti, sportivi amatoriali, sportivi competitivi, atleti &#8211; in sintesi, tutte le persone che esercitano attivamente e amano lo sport. \u00a0 Raccomandato per: Costruzione di muscoli e allo stesso tempo perdita&hellip;<\/p>\n","protected":false},"author":1,"featured_media":0,"parent":0,"menu_order":0,"comment_status":"closed","ping_status":"closed","template":"","meta":{"footnotes":""},"class_list":["post-6535","page","type-page","status-publish","hentry","description-off"],"_links":{"self":[{"href":"https:\/\/www.wichtige-nadh.info\/it\/wp-json\/wp\/v2\/pages\/6535","targetHints":{"allow":["GET"]}}],"collection":[{"href":"https:\/\/www.wichtige-nadh.info\/it\/wp-json\/wp\/v2\/pages"}],"about":[{"href":"https:\/\/www.wichtige-nadh.info\/it\/wp-json\/wp\/v2\/types\/page"}],"author":[{"embeddable":true,"href":"https:\/\/www.wichtige-nadh.info\/it\/wp-json\/wp\/v2\/users\/1"}],"replies":[{"embeddable":true,"href":"https:\/\/www.wichtige-nadh.info\/it\/wp-json\/wp\/v2\/comments?post=6535"}],"version-history":[{"count":2,"href":"https:\/\/www.wichtige-nadh.info\/it\/wp-json\/wp\/v2\/pages\/6535\/revisions"}],"predecessor-version":[{"id":6537,"href":"https:\/\/www.wichtige-nadh.info\/it\/wp-json\/wp\/v2\/pages\/6535\/revisions\/6537"}],"wp:attachment":[{"href":"https:\/\/www.wichtige-nadh.info\/it\/wp-json\/wp\/v2\/media?parent=6535"}],"curies":[{"name":"wp","href":"https:\/\/api.w.org\/{rel}","templated":true}]}}