{"id":6539,"date":"2021-12-16T10:51:54","date_gmt":"2021-12-16T09:51:54","guid":{"rendered":"https:\/\/www.wichtige-nadh.info\/?page_id=6539"},"modified":"2022-07-27T12:14:27","modified_gmt":"2022-07-27T10:14:27","slug":"7-gruppoprodotti-virus-batteri","status":"publish","type":"page","link":"https:\/\/www.wichtige-nadh.info\/it\/7-gruppoprodotti-virus-batteri\/","title":{"rendered":"7\u00b0 gruppo &#8211; Virus\/Batteri"},"content":{"rendered":"<section class=\"wpb-content-wrapper\"><p>[vc_row el_id=&#8221;CISTUS&#8221; css=&#8221;.vc_custom_1638791268700{margin-bottom: 50px !important;padding-top: 100px !important;}&#8221;][vc_column width=&#8221;3\/4&#8243;][vc_column_text]<\/p>\n<h4><strong>NADH plus Cistus &#8211; <\/strong><strong>20 mg NADH <b>(combinato funzionalmente)<\/b> per pastiglia<br \/>\n<\/strong><\/h4>\n<p>[\/vc_column_text][vc_separator color=&#8221;black&#8221; border_width=&#8221;2&#8243;][vc_column_text]<span style=\"color: #008000;\"><strong>Target<\/strong><\/span><\/p>\n<p>Persone con infezioni influenzali e simil-influenzali!<\/p>\n<p><strong>\u00a0<\/strong><\/p>\n<p><span style=\"color: #008000;\"><strong>Raccomandato per:<\/strong><\/span><\/p>\n<ul>\n<li>Raffreddore e naso chiuso<\/li>\n<li>Infezione delle vie respiratorie superiori<\/li>\n<li>Infestazione da virus e batteri<\/li>\n<\/ul>\n<p>Il Cistus Incanus (cisto rosso) \u00e8 una pianta molto efficace. Cresce nelle regioni mediterranee ed \u00e8 una pianta dalle fantastiche propriet\u00e0 semplicemente per i suoi fiori unici. Ma anche gli effetti curativi del cisto sono impressionanti.<\/p>\n<p>Se avete la pianta nel vostro armadietto dei medicinali, siete gi\u00e0 ben forniti in caso di emergenza. Questo perch\u00e9 il cisto \u00e8 specializzato in diarrea, problemi di pelle, afte, candida e infezioni influenzali. La pianta pu\u00f2 quindi essere usata come misura preventiva o terapeutica per molti disturbi diversi. L&#8217;applicazione \u00e8 semplice: si beve il t\u00e8, se ne fanno impacchi per la pelle o lo si assume in integratori alimentari.<\/p>\n<p>NADH pi\u00f9 Cistus \u00e8 una protezione efficace contro le infezioni influenzali, i virus e i batteri. L&#8217;estratto di CISTUS funzionalmente combinato in questa pastiglia contiene una proporzione elevata e particolarmente efficace di polifenoli ad alto contenuto di polimeri, con propriet\u00e0 antinfiammatorie.<\/p>\n<p>Il cisto pu\u00f2 essere raccomandato come una pianta medicinale sicura, specialmente per stabilizzare il sistema immunitario e per la difesa contro virus e batteri. Pu\u00f2 anche essere usato come misura preventiva per curare le malattie.<\/p>\n<p>Il NADH coenzima 1 svolge compiti importanti nella difesa immunitaria, rigenerando gli antiossidanti che eliminano i radicali liberi.<\/p>\n<p>Il NADH agisce come antiossidante diretto, rigenerando i danni alla cellula e riparando le cellule gi\u00e0 danneggiate.<\/p>\n<p>&nbsp;<\/p>\n<p><strong>\u00a0<\/strong><\/p>\n<p><span style=\"color: #008000;\"><strong>Quando e come viene somministrata questa pastiglia?<\/strong><\/span><\/p>\n<p><strong>Raccomandazioni di dosaggio:<\/strong> da 1 a 3 pastiglie sublinguali sotto la lingua ogni giorno lasciandole sciogliere. Le pastiglie sublinguali si dissolvono rapidamente. Non superare la dose giornaliera raccomandata. Tenere fuori dalla portata dei bambini piccoli. Gli integratori alimentari non sostituiscono una dieta varia ed equilibrata che \u00e8 alla base di uno stile di vita sano<\/p>\n<p>Raccomandazione di consumo solo per i consumatori in SVIZZERA: 1 compressa sublinguale al giorno (secondo la legislazione alimentare svizzera).<\/p>\n<p>&nbsp;<\/p>\n<p><span style=\"color: #008000;\"><strong>Composizione<\/strong><\/span><\/p>\n<table border=\"1\" width=\"50%\">\n<tbody>\n<tr>\n<td><\/td>\n<td>per 1 pastiglia<\/td>\n<td>per 2 pastiglie<\/td>\n<td>per 3 pastiglie<\/td>\n<\/tr>\n<tr>\n<td>Polifenoli di Cistus<\/td>\n<td>100 mg<\/td>\n<td>200 mg<\/td>\n<td>300 mg<\/td>\n<\/tr>\n<tr>\n<td>NADH<\/td>\n<td>20 mg<\/td>\n<td>40 mg<\/td>\n<td>60 mg<\/td>\n<\/tr>\n<\/tbody>\n<\/table>\n<p>&nbsp;<\/p>\n<p><strong>Ingredienti:<br \/>\n<\/strong>Dolcificante: isomalto, glicoside steviolico (Stevia).<br \/>\nPolifenoli di Cistus Incanus in polvere, NADH in polvere,\u00a0<em>Eupatorium in polvere.<\/em><br \/>\nAntiagglomerante: amido.<br \/>\nRegolatore di acidit\u00e0: bicarbonato di sodio.<br \/>\nAroma di frutta. Senza zucchero.<\/p>\n<p><strong>Non contiene:<\/strong>\u00a0zucchero, caffeina, lievito, prodotti caseari, conservanti.<br \/>\n100% vegetariano, adatto ai diabetici.<\/p>\n<p>&nbsp;<\/p>\n<p><strong>\u00a0<\/strong><\/p>\n<p><strong>Avviso importante:<\/strong><\/p>\n<p>Se ancora non senti alcun effetto da un prodotto NADH dopo averlo preso per due mesi, non dovresti dubitare della materia prima NADH &#8211; ma riconsiderare la fonte di approvvigionamento. Vi diciamo il perch\u00e9:<\/p>\n<ul>\n<li>Il NADH ha una durata di conservazione di 24 mesi &#8211; il NADH scaduto \u00e8 inefficace.<br \/>\nFate attenzione ai prodotti in cui il numero di lotto e la data di scadenza sono incollati sulla scatola pieghevole.<br \/>\nConfrontare il numero di lotto sul blister con quello sulla confezione &#8211; deve essere lo stesso.<\/li>\n<li>I prodotti NADH (capsule, compresse) che non sono confezionati in blister ma in contenitori sciolti sono inefficaci. Dopo che la confezione \u00e8 stata aperta pi\u00f9 volte, l&#8217;umidit\u00e0 dell&#8217;aria distrugge gradualmente la materia prima NADH. Solo l&#8217;imballaggio in blister offre protezione.<\/li>\n<\/ul>\n<p>&nbsp;<\/p>\n<p>[\/vc_column_text][vc_row_inner][vc_column_inner width=&#8221;1\/3&#8243;][vc_column_text]<u>Publikation \u00a9 Copyright:<br \/>\n<\/u>GNP GLOBAL NATURE PRODUCTS<br \/>\nASSOCIATION INC.<br \/>\nOREGON\/USA[\/vc_column_text][\/vc_column_inner][vc_column_inner width=&#8221;2\/3&#8243;][vc_single_image image=&#8221;6333&#8243; img_size=&#8221;medium&#8221;][\/vc_column_inner][\/vc_row_inner][\/vc_column][vc_column width=&#8221;1\/4&#8243;][\/vc_column][\/vc_row][vc_row css=&#8221;.vc_custom_1638974337071{margin-bottom: 50px !important;padding-top: 100px !important;}&#8221; el_id=&#8221;FLUPROTECT&#8221;][vc_column width=&#8221;3\/4&#8243;][vc_column_text]<\/p>\n<h4><strong>NADH flu-protect- 20 mg NADH <\/strong><strong><b>(combinato funzionalmente)<\/b> per pastiglia<\/strong><\/h4>\n<p>[\/vc_column_text][vc_separator color=&#8221;black&#8221; border_width=&#8221;2&#8243;][vc_column_text]<span style=\"color: #008000;\"><strong>Target<\/strong><\/span><\/p>\n<p>Persone che si proteggono dall&#8217;influenza!<\/p>\n<p><strong>\u00a0<\/strong><\/p>\n<p><span style=\"color: #008000;\"><strong>Raccomandato per:<\/strong><\/span><\/p>\n<ul>\n<li>Sintomi dell&#8217;influenza<\/li>\n<li>Infezione del tratto respiratorio superiore<\/li>\n<\/ul>\n<p>&nbsp;<\/p>\n<p><span style=\"color: #008000;\"><strong>Protezione naturale contro l&#8217;influenza<\/strong><\/span><\/p>\n<p>A nessuno piace essere malato. Prendere un raffreddore o un&#8217;influenza dipende da molti fattori. Lo stress mentale, la mancanza di sonno e la mancanza di attivit\u00e0 fisica ci rendono pi\u00f9 suscettibili alle malattie respiratorie acute. Tutti questi fattori influenzano il nostro sistema immunitario, che \u00e8 responsabile della lotta contro gli agenti patogeni.<\/p>\n<p>&nbsp;<\/p>\n<p><span style=\"color: #008000;\"><strong>Proteggersi dall&#8217;influenza<\/strong><\/span><\/p>\n<p>Quindi cosa possiamo fare per proteggerci dal raffreddore o dall&#8217;influenza? Un sistema immunitario forte pu\u00f2 di solito far fronte ad alcuni virus del raffreddore o dell&#8217;influenza senza causare alcun sintomo. I sintomi lievi del raffreddore sono un segno che il sistema immunitario \u00e8 attivo.<\/p>\n<p>Se il sistema immunitario \u00e8 indebolito, non riesce a combattere precocemente gli agenti patogeni. Poi i virus possono penetrare nelle cellule della membrana mucosa e diffondersi. La reazione infiammatoria nel tratto respiratorio scatena poi i caratteristici sintomi del raffreddore o dell&#8217;influenza. Bisogna quindi prendere misure preventive con &#8220;flu-protect&#8221;.<\/p>\n<p><strong>\u00a0<\/strong><\/p>\n<p>Il NADH, come il pi\u00f9 forte antiossidante, protegge dai &#8220;radicali liberi&#8221; e rafforza la difesa immunitaria del corpo.<\/p>\n<p>Il NADH agisce come antiossidante diretto, rigenerando i danni cellulari e riparando le cellule gi\u00e0 danneggiate.<\/p>\n<p>&nbsp;<\/p>\n<p><span style=\"color: #008000;\"><strong>Quando e come viene somministrata questa pastiglia?<\/strong><\/span><\/p>\n<p><strong>Raccomandazioni di dosaggio:<\/strong> 1-2 pastiglie sublinguali (pastiglie) sotto la lingua ogni giorno e lasciare sciogliere. Le compresse sublinguali si dissolvono rapidamente. Non superare la dose giornaliera raccomandata. Tenere fuori dalla portata dei bambini piccoli. Gli integratori alimentari non sostituiscono una dieta varia, che \u00e8 importante insieme a uno stile di vita sano.<\/p>\n<p>Raccomandazione di consumo solo per i consumatori in SVIZZERA: 1 compressa sublinguale al giorno (secondo la legislazione alimentare svizzera).<\/p>\n<p><span style=\"color: #008000;\"><strong>Composzione<\/strong><\/span><\/p>\n<table border=\"1\" width=\"50%\">\n<tbody>\n<tr>\n<td><\/td>\n<td>per 1 pastiglia<\/td>\n<td>per 2 pastiglie<\/td>\n<\/tr>\n<tr>\n<td>Altea<\/td>\n<td>200 mg<\/td>\n<td>400 mg<\/td>\n<\/tr>\n<tr>\n<td><span lang=\"DE\">Camu Camu\u00a0\u00a0\u00a0 (25% Vit. C)<\/span><\/td>\n<td>100 mg<\/td>\n<td>200 mg<\/td>\n<\/tr>\n<tr>\n<td>NADH<\/td>\n<td>20 mg<\/td>\n<td>40 mg<\/td>\n<\/tr>\n<tr>\n<td>Vitamina E<\/td>\n<td>6 mg<\/td>\n<td>12 mg<\/td>\n<\/tr>\n<tr>\n<td>Zinco<\/td>\n<td>6 mg<\/td>\n<td>12 mg<\/td>\n<\/tr>\n<tr>\n<td>Vitamina B 6<\/td>\n<td>0,7 mg<\/td>\n<td>1,4 mg<\/td>\n<\/tr>\n<tr>\n<td>Vitamina D<\/td>\n<td>2,5\u00a0 \u00b5g<\/td>\n<td>5\u00a0 \u00b5g<\/td>\n<\/tr>\n<tr>\n<td>Vitamina B12<\/td>\n<td>1,2\u00a0 \u00b5g<\/td>\n<td>2,4\u00a0 \u00b5g<\/td>\n<\/tr>\n<\/tbody>\n<\/table>\n<p>&nbsp;<\/p>\n<p><strong>Ingredienti:<\/strong><br \/>\nDolcificante: isomalto, glicosidi steviolici (Stevia).<br \/>\nNADH in polvere, vitamine B2, B12, 6, C, zinco<br \/>\nRegolatore di acidit\u00e0: bicarbonato\u00a0di sodio.<br \/>\nAroma di frutta. Senza zucchero<\/p>\n<p>&nbsp;<\/p>\n<p><strong>Non contiene:<\/strong>\u00a0zucchero, caffeina, lievito, prodotti caseari, conservanti.<br \/>\n100% vegetariano, adatto ai diabetici.<\/p>\n<p>&nbsp;<\/p>\n<p><strong>Materia prima\/ingredienti attivi<\/strong><\/p>\n<ol>\n<li>Vitamine B2, B12, B6 C, E<\/li>\n<li>Zinco<\/li>\n<li>NADH Coenzima 1<\/li>\n<\/ol>\n<p>&nbsp;<\/p>\n<p><strong>Avviso importante:<\/strong><\/p>\n<p>Se ancora non senti alcun effetto da un prodotto NADH dopo averlo preso per due mesi, non dovresti dubitare della materia prima NADH &#8211; ma riconsiderare la fonte di approvvigionamento. Vi diciamo il perch\u00e9:<\/p>\n<ul>\n<li>Il NADH ha una durata di conservazione di 24 mesi &#8211; il NADH scaduto \u00e8 inefficace.<br \/>\nFate attenzione ai prodotti in cui il numero di lotto e la data di scadenza sono incollati sulla scatola pieghevole.<br \/>\nConfrontare il numero di lotto sul blister con quello sulla confezione &#8211; deve essere lo stesso.<\/li>\n<li>I prodotti NADH (capsule, compresse) che non sono confezionati in blister ma in contenitori sciolti sono inefficaci. Dopo che la confezione \u00e8 stata aperta pi\u00f9 volte, l&#8217;umidit\u00e0 dell&#8217;aria distrugge gradualmente la materia prima NADH. Solo l&#8217;imballaggio in blister offre protezione.<\/li>\n<\/ul>\n<p>[\/vc_column_text][vc_row_inner][vc_column_inner width=&#8221;1\/3&#8243;][vc_column_text]<u>Publikation \u00a9 Copyright:<br \/>\n<\/u>GNP GLOBAL NATURE PRODUCTS<br \/>\nASSOCIATION INC.<br \/>\nOREGON\/USA[\/vc_column_text][\/vc_column_inner][vc_column_inner width=&#8221;2\/3&#8243;][vc_single_image image=&#8221;6635&#8243; img_size=&#8221;medium&#8221;][\/vc_column_inner][\/vc_row_inner][\/vc_column][vc_column width=&#8221;1\/4&#8243;][\/vc_column][\/vc_row][vc_row el_id=&#8221;FLU-IMMUN&#8221; css=&#8221;.vc_custom_1638795770812{margin-bottom: 50px !important;padding-top: 100px !important;}&#8221;][vc_column width=&#8221;3\/4&#8243;][vc_column_text]<\/p>\n<h4><strong>FLU IMMUN \u2013 60 Vega <\/strong><strong>Capsule con 511 mg<\/strong><\/h4>\n<p>[\/vc_column_text][vc_separator color=&#8221;black&#8221; border_width=&#8221;2&#8243;][vc_column_text]<span style=\"color: #008000;\"><strong>Target<\/strong><\/span><\/p>\n<p>Questo supporto immunitario a base naturale \u00e8 particolarmente importante per i giovani e gli anziani &#8211; nei giorni di freddo e nei periodi di maggiore rischio di infezione.<\/p>\n<p>La formula innovativa assicura un potere immunitario permanente e ha un ottimo sapore.<\/p>\n<p>&nbsp;<\/p>\n<p><span style=\"color: #008000;\"><strong>Raccomandato per:<\/strong><\/span><\/p>\n<ul>\n<li>Pericolo di infezione<\/li>\n<li>Rafforzare il sistema immunitario<\/li>\n<\/ul>\n<p><strong>\u00a0<\/strong><\/p>\n<p><span style=\"color: #008000;\"><strong>Di cosa ha pi\u00f9 bisogno il nostro sistema immunitario per difendersi?<\/strong><\/span><\/p>\n<ul>\n<li>Vitamine e coenzimi<\/li>\n<li>Prodotti per rafforzare il sistema immunitario<\/li>\n<\/ul>\n<p><span style=\"color: #008000;\"><strong>Flu-Immune, formulato dal Dott. med. Wurstert<\/strong><\/span><\/p>\n<p>contiene, tra l&#8217;altro, estratti da<\/p>\n<ul>\n<li>Sambuco<\/li>\n<li>Echinacea<\/li>\n<li>Ribes nero<\/li>\n<li>Vitamina C dall&#8217;acerola<\/li>\n<li>Zinco.<\/li>\n<\/ul>\n<p>Completato con sostanze vegetali secondarie bioattive, acidi organici e oli essenziali, Flu-Immune soddisfa le richieste vegane<\/p>\n<p>Effetti scientifici confermati dall&#8217;EFSA sul sistema immunitario:<\/p>\n<ul>\n<li>La vitamina C aiuta a proteggere le cellule dallo stress ossidativo.<\/li>\n<li>La vitamina C contribuisce alla normale funzione del sistema immunitario.<\/li>\n<li>La vitamina C contribuisce alla riduzione della stanchezza e dell&#8217;affaticamento.<\/li>\n<li>Lo zinco contribuisce alla normale funzione del sistema immunitario.<\/li>\n<\/ul>\n<p><strong>\u00a0<\/strong><\/p>\n<p><span style=\"color: #008000;\"><strong>Quando e come deve essere presa questa micro compressa?<\/strong><\/span><\/p>\n<p><strong>Raccomandazioni di dosaggio: <\/strong>assumere 1-3 capsule al giorno al mattino con 1 bicchiere d&#8217;acqua. Non superare la dose giornaliera raccomandata. Tenere fuori dalla portata dei bambini piccoli. Gli integratori alimentari non sostituiscono una dieta varia. Non per donne incinte, madri che allattano o bambini.<\/p>\n<p><strong>\u00a0<\/strong><\/p>\n<p><span style=\"color: #008000;\"><strong>Composizione:<\/strong><\/span><\/p>\n<p>Ribes nero, sambuco, echinacea, calcio, potassio, magnesio e vitamina C.<\/p>\n<p><strong>Minerali<\/strong>: Sodio (Na) potassio (K), calcio (Ca), magnesio (Mg), fosfato (P), ferro (Fe), zinco (Zn).<\/p>\n<p><strong>Vitamine:<\/strong> Beta-carotene, vitamina, vitamina B1, vitamina B2, vitamina B6, acido folico, vitamina C (mg).<\/p>\n<table border=\"1\" width=\"50%\">\n<tbody>\n<tr>\n<td><strong>Vitamine<\/strong><\/td>\n<td><strong>valore per 100 g <\/strong><\/td>\n<\/tr>\n<tr>\n<td height=\"26\">Vitamina A (Equivalente di retinolo)<\/td>\n<td>14 \u03bcg<\/td>\n<\/tr>\n<tr>\n<td>Vitamina B1 (Tiamina)<\/td>\n<td>51 \u03bcg<\/td>\n<\/tr>\n<tr>\n<td>Vitamina B2 (Riboflavina)<\/td>\n<td>44 \u03bcg<\/td>\n<\/tr>\n<tr>\n<td>Niacina (Vitamina B3)<\/td>\n<td>280 \u03bcg<\/td>\n<\/tr>\n<tr>\n<td>Vitamina B5 (Acido pantotenico)<\/td>\n<td>400 \u03bcg<\/td>\n<\/tr>\n<tr>\n<td>Vitamina B6 (Piridossina)<\/td>\n<td>80 \u03bcg<\/td>\n<\/tr>\n<tr>\n<td>Biotina (Vitamina B7)<\/td>\n<td>2 \u03bcg<\/td>\n<\/tr>\n<tr>\n<td>Fols\u00e4ure (Vitamina B9)<\/td>\n<td>9 \u03bcg<\/td>\n<\/tr>\n<tr>\n<td>Vitamina B12 (cobalamina)<\/td>\n<td>&#8211;<\/td>\n<\/tr>\n<tr>\n<td>Vitamina C<\/td>\n<td>177000 \u03bcg<\/td>\n<\/tr>\n<tr>\n<td>Vitamina D<\/td>\n<td>&#8211;<\/td>\n<\/tr>\n<tr>\n<td>Vitamina E (Alpha-Tocopherol)<\/td>\n<td>1820 \u03bcg<\/td>\n<\/tr>\n<tr>\n<td>Vitamina K<\/td>\n<td>30 \u03bcg<\/td>\n<\/tr>\n<\/tbody>\n<\/table>\n<p>[\/vc_column_text][vc_row_inner][vc_column_inner width=&#8221;1\/3&#8243;][vc_column_text]<u>Publikation \u00a9 Copyright:<br \/>\n<\/u>GNP GLOBAL NATURE PRODUCTS<br \/>\nASSOCIATION INC.<br \/>\nOREGON\/USA[\/vc_column_text][\/vc_column_inner][vc_column_inner width=&#8221;2\/3&#8243;][vc_single_image image=&#8221;6339&#8243; img_size=&#8221;medium&#8221;][\/vc_column_inner][\/vc_row_inner][\/vc_column][vc_column width=&#8221;1\/4&#8243;][\/vc_column][\/vc_row]<\/p>\n<\/section>","protected":false},"excerpt":{"rendered":"<p>[vc_row el_id=&#8221;CISTUS&#8221; css=&#8221;.vc_custom_1638791268700{margin-bottom: 50px !important;padding-top: 100px !important;}&#8221;][vc_column width=&#8221;3\/4&#8243;][vc_column_text] NADH plus Cistus &#8211; 20 mg NADH (combinato funzionalmente) per pastiglia [\/vc_column_text][vc_separator color=&#8221;black&#8221; border_width=&#8221;2&#8243;][vc_column_text]Target Persone con infezioni influenzali e simil-influenzali! \u00a0 Raccomandato per: Raffreddore e naso chiuso Infezione delle vie respiratorie superiori Infestazione da virus e batteri Il Cistus Incanus (cisto rosso) \u00e8 una pianta molto efficace.&hellip;<\/p>\n","protected":false},"author":1,"featured_media":0,"parent":0,"menu_order":0,"comment_status":"closed","ping_status":"closed","template":"","meta":{"footnotes":""},"class_list":["post-6539","page","type-page","status-publish","hentry","description-off"],"_links":{"self":[{"href":"https:\/\/www.wichtige-nadh.info\/it\/wp-json\/wp\/v2\/pages\/6539","targetHints":{"allow":["GET"]}}],"collection":[{"href":"https:\/\/www.wichtige-nadh.info\/it\/wp-json\/wp\/v2\/pages"}],"about":[{"href":"https:\/\/www.wichtige-nadh.info\/it\/wp-json\/wp\/v2\/types\/page"}],"author":[{"embeddable":true,"href":"https:\/\/www.wichtige-nadh.info\/it\/wp-json\/wp\/v2\/users\/1"}],"replies":[{"embeddable":true,"href":"https:\/\/www.wichtige-nadh.info\/it\/wp-json\/wp\/v2\/comments?post=6539"}],"version-history":[{"count":8,"href":"https:\/\/www.wichtige-nadh.info\/it\/wp-json\/wp\/v2\/pages\/6539\/revisions"}],"predecessor-version":[{"id":6647,"href":"https:\/\/www.wichtige-nadh.info\/it\/wp-json\/wp\/v2\/pages\/6539\/revisions\/6647"}],"wp:attachment":[{"href":"https:\/\/www.wichtige-nadh.info\/it\/wp-json\/wp\/v2\/media?parent=6539"}],"curies":[{"name":"wp","href":"https:\/\/api.w.org\/{rel}","templated":true}]}}