{"id":6550,"date":"2021-12-16T15:18:13","date_gmt":"2021-12-16T14:18:13","guid":{"rendered":"https:\/\/www.wichtige-nadh.info\/?page_id=6550"},"modified":"2023-03-24T14:37:18","modified_gmt":"2023-03-24T13:37:18","slug":"9-gruppo-anti-aging","status":"publish","type":"page","link":"https:\/\/www.wichtige-nadh.info\/it\/9-gruppo-anti-aging\/","title":{"rendered":"9\u00b0 gruppo &#8211; Anti Aging"},"content":{"rendered":"<section class=\"wpb-content-wrapper\"><p>[vc_row el_id=&#8221;JUNGBRUNNEN&#8221; css=&#8221;.vc_custom_1638819027656{margin-bottom: 50px !important;padding-top: 100px !important;}&#8221;][vc_column width=&#8221;3\/4&#8243;][vc_column_text]<\/p>\n<h4><strong>JUNGBRUNNEN \u2013 20 mg NADH <\/strong><strong><b>(combinato funzionalmente) per compressa<br \/>\n<\/b><\/strong><\/h4>\n<p>[\/vc_column_text][vc_separator color=&#8221;black&#8221; border_width=&#8221;2&#8243;][vc_column_text]<span style=\"color: #008000;\"><strong>Zielgruppe<\/strong><\/span><\/p>\n<p>St\u00e4rkung des Immunsystems und Zellregeneration<\/p>\n<p><span style=\"color: #008000;\"><strong>NADH JUNGBRUNNEN<\/strong><\/span><br \/>\nDas Besondere an dieser \u201eNADH plus\u201c Tablette, liegt in der funktionellen Kombination spezieller, nat\u00fcrlicher Wirkstoffe.<\/p>\n<p><span style=\"color: #008000;\"><strong>NMN<\/strong> <\/span>(Nicotinamid-Mononukleoti) ist ein hochmodernes Vitamin-B3-Derivat, das den NAD+-Spiegel erh\u00f6ht und viele Faktoren des Alterns mildert. Im Gegensatz zu anderen Nahrungserg\u00e4nzungsmitteln gelangt <strong>NMN<\/strong> direkt in den Blutkreislauf und wird innerhalb von 15 Minuten aktiviert. Einige potenzielle Anti-Aging-Vorteile umfassen eine erh\u00f6hte Hautelastizit\u00e4t, verbesserte Knochendichte, gesteigerte Muskelfunktion, weniger Falten und DNA-Reparatur.<br \/>\n<span style=\"color: #008000;\"><strong>Spermidin:<\/strong><\/span> Jede Zelle unseres K\u00f6rpers enth\u00e4lt Spermidin. Es sorgt f\u00fcr die Verlangsamung des Alterungsprozesses und die Vermeidung altersbedingter Erkrankungen.<\/p>\n<p><span style=\"color: #008000;\"><strong>Organisches Brahmi<\/strong><\/span> beginnt in erster Linie auf das Gehirn und das Ged\u00e4chtnis einzuwirken, um die Ged\u00e4chtnisleistung, das Konzentrationsverm\u00f6gen, sowie das Langzeitged\u00e4chtnis positiv zu beeinflussen und deutlich verbessern zu k\u00f6nnen.<\/p>\n<p>Der nat\u00fcrliche <span style=\"color: #008000;\"><strong>Blaubeeren Extrakt<\/strong><\/span> und Vitamin C sind auch starke Antioxidantien. Ihre Aufgabe ist, vor der negativen Wirkung freier Radikale zu sch\u00fctzen, um das Altern der Haut zu verlangsamen.<\/p>\n<p><span style=\"color: #008000;\"><strong>Kurkumin<\/strong><\/span> verleiht den strahlend sch\u00f6nen Teint und eine junge, frische Haut. Die entz\u00fcndungshemmende und antibakterielle Wirkung der Pflanze kommt vor Allem bei unreiner Haut zum Tragen.<\/p>\n<p><span style=\"color: #008000;\"><strong>Hyalurons\u00e4ure<\/strong> <\/span>ist ein entscheidender N\u00e4hrstoffversorger der Haut und beeinflusst die Regenerationsf\u00e4higkeit. Eine weitere Sicherheit bieten diese magensaftresistenten Tabletten, da die Inhaltsstoffe erst im D\u00fcnndarm ihre gesamte Wirkung entfalten. Dadurch l\u00e4sst sich eine eindeutig erh\u00f6hte Bioverf\u00fcgbarkeit nachweisen. Falten werden deshalb effektiv bek\u00e4mpft.<\/p>\n<p><span style=\"color: #008000;\"><strong>Zink:<\/strong><\/span> Neben seiner gro\u00dfartigen Schutzwirkung als UV-Filter bewirkt <strong>Zink<\/strong> in der Haut eine entz\u00fcndungshemmende Wirkung gegen Akne und Reizungen.<\/p>\n<p><strong>NADH<\/strong> sorgt f\u00fcr die Energieproduktion in den Hautzellen. Es unterst\u00fctzt effektiv die Regeneration &amp; Revitalisierung gesch\u00e4digter und alternder Hautzellen. Die Haut wird dadurch straffer und strahlender.<\/p>\n<p><span style=\"color: #008000;\"><strong>Verzehrempfehlung:\u00a0<\/strong><\/span>T\u00e4glich morgens 1-3 Tabletten mit 1 Glas Wasser verzehren. Empfohlene Tagesdosis nicht \u00fcberschreiten. Au\u00dferhalb der Reichweite von<br \/>\nkleinen Kindern aufbewahren. Nahrungserg\u00e4nzungsmittel sind kein Ersatz f\u00fcr eine abwechslungsreiche Ern\u00e4hrung.<\/p>\n<p>Verzehrempfehlung nur f\u00fcr Konsumenten\/SCHWEIZ: T\u00e4glich 1 Tablette (lt. Schweizer Lebensmittelrecht).<\/p>\n<p><span style=\"color: #008000;\"><strong>Wertbestimmende Inhaltsstoffe<\/strong><\/span><\/p>\n<table border=\"1\" width=\"50%\">\n<tbody>\n<tr>\n<td>Inhaltsstoffe<\/td>\n<td>pro 1 Tablette<\/td>\n<td>pro 2 Tabletten<\/td>\n<td>pro 3 Tabletten<\/td>\n<\/tr>\n<tr>\n<td>NMN &#8211; Nicotinamid Mononukleo<\/td>\n<td>125 mg<\/td>\n<td>250 mg<\/td>\n<td>375 mg<\/td>\n<\/tr>\n<tr>\n<td>Blaubeer Extrakt<\/td>\n<td>100 mg<\/td>\n<td>200 mg<\/td>\n<td>300 mg<\/td>\n<\/tr>\n<tr>\n<td>Curcumin<\/td>\n<td>100 mg<\/td>\n<td>200 mg<\/td>\n<td>300 mg<\/td>\n<\/tr>\n<tr>\n<td>Hyalurons\u00e4ure<\/td>\n<td>50 mg<\/td>\n<td>100 mg<\/td>\n<td>150 mg<\/td>\n<\/tr>\n<tr>\n<td>Brahmi<\/td>\n<td>50 mg<\/td>\n<td>100 mg<\/td>\n<td>150 mg<\/td>\n<\/tr>\n<tr>\n<td>Zink<\/td>\n<td>30 mg<\/td>\n<td>60 mg<\/td>\n<td>90 mg<\/td>\n<\/tr>\n<tr>\n<td>NADH<\/td>\n<td>20 mg<\/td>\n<td>40 mg<\/td>\n<td>60 mg<\/td>\n<\/tr>\n<tr>\n<td>Weizenkeimextrakt 1000 mg davon Spermidin<\/td>\n<td>5 mg<\/td>\n<td>10 mg<\/td>\n<td>15 mg<\/td>\n<\/tr>\n<\/tbody>\n<\/table>\n<p><strong>Zutaten:\u00a0\u00a0<\/strong>S\u00fc\u00dfungsmittel: Isomalt, NMN, Weizenkeimextrakt (4:1) mit hohem Spermidingehalt, Bio Brahmi-Pulver Blaubeeren-Pulverextrakt, Curcumin-Pulver, Zink Pulver, NADH-Pulver, Vitamin A Retinylacetat, Trennmittel: St\u00e4rke F\u00fcllstoff: mikrokristalline Zellulose, Natriumhydrogencarbonat, \u00dcberzugsmittel: Schellack (PCMT\u00ae).<\/p>\n<p><strong>Enth\u00e4lt nicht<\/strong>: Zucker, Koffein, Hefe, Milchprodukte, Konservierungsstoffe. 100 % vegetarisch, f\u00fcr Diabetiker geeignet.<\/p>\n<p>100 % vegetarisch, f\u00fcr Diabetiker geeignet.<\/p>\n<p><strong>Wichtiger Hinweis:<\/strong><\/p>\n<p>Wenn Sie bei einem NADH Produkt nach zweimonatiger Einnahme immer noch keine Wirkung versp\u00fcren, sollten sie nicht am Rohstoff NADH zweifeln \u2013 sondern die Bezugsquelle \u00fcberdenken. Wir sagen Ihnen warum:<\/p>\n<ul>\n<li>NADH hat eine Haltbarkeit von 24 Monaten \u2013 abgelaufenes NADH ist wirkungslos.<\/li>\n<li>Sind sie vorsichtig bei Produkten, wo die Lot Nr. und das MHD mit dem Blisteraufdruck nicht \u00fcbereinstimmt.<\/li>\n<li>Vergleichen Sie die Lot.Nr. am Blister mit jener auf der Packung \u2013 sie muss gleich sein.<\/li>\n<li>NADH Produkte (Kapseln, Tabletten) die nicht verblistert sondern lose in Beh\u00e4ltnisse verpackt wurden, sind nach mehrmaligen \u00d6ffnen der Dose wirkungslos, da die Luftfeuchtigkeit den NADH Rohstoff sukzessive zerst\u00f6rt. Nur die Blister-Verpackung bietet Schutz.<\/li>\n<\/ul>\n<p>[\/vc_column_text][vc_row_inner][vc_column_inner width=&#8221;1\/3&#8243;][vc_column_text]<u>Publikation \u00a9 Copyright:<br \/>\n<\/u>GNP GLOBAL NATURE PRODUCTS<br \/>\nASSOCIATION INC.<br \/>\nOREGON\/USA[\/vc_column_text][\/vc_column_inner][vc_column_inner width=&#8221;2\/3&#8243;][vc_single_image image=&#8221;6703&#8243; img_size=&#8221;medium&#8221;][\/vc_column_inner][\/vc_row_inner][\/vc_column][vc_column width=&#8221;1\/4&#8243;][\/vc_column][\/vc_row]<\/p>\n<\/section>","protected":false},"excerpt":{"rendered":"<p>[vc_row el_id=&#8221;JUNGBRUNNEN&#8221; css=&#8221;.vc_custom_1638819027656{margin-bottom: 50px !important;padding-top: 100px !important;}&#8221;][vc_column width=&#8221;3\/4&#8243;][vc_column_text] JUNGBRUNNEN \u2013 20 mg NADH (combinato funzionalmente) per compressa [\/vc_column_text][vc_separator color=&#8221;black&#8221; border_width=&#8221;2&#8243;][vc_column_text]Zielgruppe St\u00e4rkung des Immunsystems und Zellregeneration NADH JUNGBRUNNEN Das Besondere an dieser \u201eNADH plus\u201c Tablette, liegt in der funktionellen Kombination spezieller, nat\u00fcrlicher Wirkstoffe. NMN (Nicotinamid-Mononukleoti) ist ein hochmodernes Vitamin-B3-Derivat, das den NAD+-Spiegel erh\u00f6ht und viele Faktoren&hellip;<\/p>\n","protected":false},"author":1,"featured_media":0,"parent":0,"menu_order":0,"comment_status":"closed","ping_status":"closed","template":"","meta":{"footnotes":""},"class_list":["post-6550","page","type-page","status-publish","hentry","description-off"],"_links":{"self":[{"href":"https:\/\/www.wichtige-nadh.info\/it\/wp-json\/wp\/v2\/pages\/6550","targetHints":{"allow":["GET"]}}],"collection":[{"href":"https:\/\/www.wichtige-nadh.info\/it\/wp-json\/wp\/v2\/pages"}],"about":[{"href":"https:\/\/www.wichtige-nadh.info\/it\/wp-json\/wp\/v2\/types\/page"}],"author":[{"embeddable":true,"href":"https:\/\/www.wichtige-nadh.info\/it\/wp-json\/wp\/v2\/users\/1"}],"replies":[{"embeddable":true,"href":"https:\/\/www.wichtige-nadh.info\/it\/wp-json\/wp\/v2\/comments?post=6550"}],"version-history":[{"count":8,"href":"https:\/\/www.wichtige-nadh.info\/it\/wp-json\/wp\/v2\/pages\/6550\/revisions"}],"predecessor-version":[{"id":6705,"href":"https:\/\/www.wichtige-nadh.info\/it\/wp-json\/wp\/v2\/pages\/6550\/revisions\/6705"}],"wp:attachment":[{"href":"https:\/\/www.wichtige-nadh.info\/it\/wp-json\/wp\/v2\/media?parent=6550"}],"curies":[{"name":"wp","href":"https:\/\/api.w.org\/{rel}","templated":true}]}}